{"id":56,"date":"2018-03-02T13:11:54","date_gmt":"2018-03-02T13:11:54","guid":{"rendered":"https:\/\/tagiberico.org\/?page_id=56"},"modified":"2020-01-27T16:49:13","modified_gmt":"2020-01-27T16:49:13","slug":"tagi20-lisboa","status":"publish","type":"page","link":"https:\/\/tagiberico.org\/?page_id=56","title":{"rendered":"TAGi20 Lisboa"},"content":{"rendered":"\n<h3 class=\"wp-block-heading\">#TAGi20 LISBOA &#8211; 13 a 15 de Fevereiro, 2020 <\/h3>\n\n\n\n<p>Depois de uma bem-sucedida primeira edi\u00e7\u00e3o em Carmona, recebemos em  Lisboa esta segunda edi\u00e7\u00e3o do TAG IB\u00c9RICO que procurar\u00e1 reunir \u2013 na  tradi\u00e7\u00e3o destes encontros, iniciados na Gr\u00e3-Bretanha em 1979 \u2013 todos  aqueles que, na Pen\u00ednsula Ib\u00e9rica, consideram a Teoria como  indissoci\u00e1vel de qualquer <em>Praxis<\/em> arqueol\u00f3gica, dando assim  continuidade a uma iniciativa que acreditamos fundamental para  aprofundar o di\u00e1logo entre a comunidade arqueol\u00f3gica ib\u00e9rica.<\/p>\n\n\n\n<p>Lisboa, que nos \u00faltimos anos tem conhecido uma imensa actividade \narqueol\u00f3gica resultante da renova\u00e7\u00e3o urbana provocada pelo crescimento \necon\u00f3mico associado ao fen\u00f3meno tur\u00edstico, parece um cen\u00e1rio ideal para \ndiscutir os enquadramentos legislativos e as pr\u00e1ticas arqueol\u00f3gicas \ndesenvolvidas a partir de uma <em>ideia de patrim\u00f3nio arqueol\u00f3gico<\/em>, expressa, pela Europa, em La Valletta.<\/p>\n\n\n\n<p>Ao mesmo tempo, como lugar multicultural, como lugar de chegada e \npartida, em Lisboa a po\u00e9tica do registo material reflecte no Tempo a \ndiversidade, o conflito, a resist\u00eancia e a harmonia que tornam a Cidade \numa met\u00e1fora dos desafios \u2013 e das solu\u00e7\u00f5es? \u2013 das sociedades do s\u00e9culo \nXXI.<\/p>\n\n\n\n<p>Acolher, em Lisboa, todos os debates, todos os t\u00f3picos de reflex\u00e3o a \npartir da pr\u00e1tica e da teoria arqueol\u00f3gica \u00e9 o prop\u00f3sito desta segunda \nedi\u00e7\u00e3o do TAG IB\u00c9RICO.<\/p>\n\n\n\n<p>***<\/p>\n\n\n\n<h3 class=\"wp-block-heading\">#TAGi20 LISBOA &#8211; 13 a 15 de Febrero, 2020 <\/h3>\n\n\n\n<p>Tras una exitosa primera edici\u00f3n en Carmona recibiremos en Lisboa la \nsegunda edici\u00f3n del TAG Ib\u00e9rico, en la que se buscar\u00e1 reunir \u2013 en la \ntradici\u00f3n de estos encuentros que tuvieron su inicio en Reino Unido en \n1979 \u2013 a todos aquellos que, en la Pen\u00ednsula Ib\u00e9rica, consideran que la \nTeor\u00eda es indisociable de cualquier <em>Praxis<\/em> arqueol\u00f3gica. Damos \nas\u00ed continuidad a una iniciativa que creemos fundamental para \nprofundizar el di\u00e1logo entre la comunidad arqueol\u00f3gica ib\u00e9rica.<\/p>\n\n\n\n<p>Lisboa, que en los \u00faltimos a\u00f1os ha conocido una inmensa actividad \narqueol\u00f3gica como resultado de la renovaci\u00f3n urbana provocada por el \ncrecimiento econ\u00f3mico asociado al fen\u00f3meno tur\u00edstico, nos parece un \nescenario ideal en el que discutir los cuadros legales y las pr\u00e1cticas \narqueol\u00f3gicas desarrolladas a partir de una <em>idea de patrimonio arqueol\u00f3gico<\/em> expresada por Europa en La Valletta.<\/p>\n\n\n\n<p>Por otra parte, y como lugar multicultural, como lugar de llegada y \nde partida, en Lisboa la po\u00e9tica do registro material refleja en el \nTiempo la diversidad, el conflicto, la resistencia y la harmon\u00eda que \nconvierten a la Ciudad en una met\u00e1fora de los desaf\u00edos \u2013 y de las \nsoluciones? \u2013 de las sociedades del siglo XXI.<\/p>\n\n\n\n<p>Acoger, en Lisboa, todos los debates, todos los t\u00f3picos de reflexi\u00f3n a  partir de la pr\u00e1ctica y de la teor\u00eda arqueol\u00f3gica es el prop\u00f3sito de  esta segunda edici\u00f3n del TAG IB\u00c9RICO.<\/p>\n\n\n\n<figure class=\"wp-block-image\"><img loading=\"lazy\" decoding=\"async\" width=\"1024\" height=\"768\" src=\"https:\/\/tagiberico.org\/wp-content\/uploads\/2019\/03\/PuertaFLUL-1024x768.jpg\" alt=\"\" class=\"wp-image-123\" srcset=\"https:\/\/tagiberico.org\/wp-content\/uploads\/2019\/03\/PuertaFLUL-1024x768.jpg 1024w, https:\/\/tagiberico.org\/wp-content\/uploads\/2019\/03\/PuertaFLUL-300x225.jpg 300w, https:\/\/tagiberico.org\/wp-content\/uploads\/2019\/03\/PuertaFLUL-768x576.jpg 768w, https:\/\/tagiberico.org\/wp-content\/uploads\/2019\/03\/PuertaFLUL-1600x1200.jpg 1600w\" sizes=\"auto, (max-width: 1024px) 100vw, 1024px\" \/><\/figure>\n\n\n\n<h4 class=\"wp-block-heading\">Comiss\u00e3o Organizadora \/ Comit\u00e9 organizador<\/h4>\n\n\n\n<ul class=\"wp-block-list\"><li>Mariana Diniz, Portugal<\/li><li>Andrea Martins, Portugal<\/li><li>Francisco Gomes, Portugal<\/li><li>Jaime Almansa S\u00e1nchez, Espa\u00f1a<\/li><\/ul>\n\n\n\n<h4 class=\"wp-block-heading\">Secretariado<\/h4>\n\n\n\n<ul class=\"wp-block-list\"><li>Daniel Carvalho, Portugal<\/li><li>C\u00e9sar Neves (AAP), Portugal<\/li><li>C\u00e1tia Neto, Portugal<\/li><li>Frederico Agosto, Portugal<\/li><\/ul>\n\n\n\n<h4 class=\"wp-block-heading\">Comiss\u00e3o Cient\u00edfica \/ Comit\u00e9 Cient\u00edfico<\/h4>\n\n\n\n<ul class=\"wp-block-list\"><li>Ana Delgado, Espa\u00f1a<\/li><li>Ana Vale, Portugal<\/li><li>Ant\u00f3nio Valera, Portugal<\/li><li>Beatriz Mar\u00edn Aguilera, Espa\u00f1a<\/li><li>Felipe Criado Boado, Espa\u00f1a<\/li><li>Margarita S\u00e1nchez Romero, Espa\u00f1a<\/li><li>Sergio Escribano Ruiz, Espa\u00f1a<\/li><li>Vitor Oliveira Jorge, Portugal<\/li><\/ul>\n\n\n\n<h4 class=\"wp-block-heading\">Patrocinadores<\/h4>\n\n\n\n<p>JAS Arqueolog\u00eda \/ Faculdade de Letras, Universidade de Lisboa \/ Associa\u00e7\u00e3o dos Arque\u00f3logos portugueses &#8211; Museu Arqueol\u00f3gico do Carmo<\/p>\n","protected":false},"excerpt":{"rendered":"<p>#TAGi20 LISBOA &#8211; 13 a 15 de Fevereiro, 2020 Depois de uma bem-sucedida primeira edi\u00e7\u00e3o em Carmona, recebemos em Lisboa&hellip;<\/p>\n","protected":false},"author":2,"featured_media":0,"parent":0,"menu_order":0,"comment_status":"closed","ping_status":"closed","template":"","meta":{"footnotes":""},"class_list":["post-56","page","type-page","status-publish","hentry"],"_links":{"self":[{"href":"https:\/\/tagiberico.org\/index.php?rest_route=\/wp\/v2\/pages\/56","targetHints":{"allow":["GET"]}}],"collection":[{"href":"https:\/\/tagiberico.org\/index.php?rest_route=\/wp\/v2\/pages"}],"about":[{"href":"https:\/\/tagiberico.org\/index.php?rest_route=\/wp\/v2\/types\/page"}],"author":[{"embeddable":true,"href":"https:\/\/tagiberico.org\/index.php?rest_route=\/wp\/v2\/users\/2"}],"replies":[{"embeddable":true,"href":"https:\/\/tagiberico.org\/index.php?rest_route=%2Fwp%2Fv2%2Fcomments&post=56"}],"version-history":[{"count":8,"href":"https:\/\/tagiberico.org\/index.php?rest_route=\/wp\/v2\/pages\/56\/revisions"}],"predecessor-version":[{"id":211,"href":"https:\/\/tagiberico.org\/index.php?rest_route=\/wp\/v2\/pages\/56\/revisions\/211"}],"wp:attachment":[{"href":"https:\/\/tagiberico.org\/index.php?rest_route=%2Fwp%2Fv2%2Fmedia&parent=56"}],"curies":[{"name":"wp","href":"https:\/\/api.w.org\/{rel}","templated":true}]}}