{"id":54,"date":"2018-03-02T13:11:42","date_gmt":"2018-03-02T13:11:42","guid":{"rendered":"https:\/\/tagiberico.org\/?page_id=54"},"modified":"2019-04-02T19:41:15","modified_gmt":"2019-04-02T19:41:15","slug":"tagi18-carmona","status":"publish","type":"page","link":"https:\/\/tagiberico.org\/?page_id=54","title":{"rendered":"TAGi18 Carmona"},"content":{"rendered":"\n<figure class=\"wp-block-image\"><img loading=\"lazy\" decoding=\"async\" width=\"1024\" height=\"768\" src=\"https:\/\/tagiberico.org\/wp-content\/uploads\/2019\/03\/fullsizeoutput_68ff-1024x768.jpeg\" alt=\"\" class=\"wp-image-89\" srcset=\"https:\/\/tagiberico.org\/wp-content\/uploads\/2019\/03\/fullsizeoutput_68ff-1024x768.jpeg 1024w, https:\/\/tagiberico.org\/wp-content\/uploads\/2019\/03\/fullsizeoutput_68ff-300x225.jpeg 300w, https:\/\/tagiberico.org\/wp-content\/uploads\/2019\/03\/fullsizeoutput_68ff-768x576.jpeg 768w, https:\/\/tagiberico.org\/wp-content\/uploads\/2019\/03\/fullsizeoutput_68ff-1600x1199.jpeg 1600w\" sizes=\"auto, (max-width: 1024px) 100vw, 1024px\" \/><\/figure>\n\n\n\n<h3 class=\"wp-block-heading\">#TAGi18 CARMONA &#8211; 2 a 4 de febrero, 2018<\/h3>\n\n\n\n<p>Ahora\nque se cumplen cuarenta a\u00f1os de su nacimiento y que se ha ido extendiendo por\notras regiones del mundo, consideramos que ha llegado el momento de empezar.\nPor ello, convocamos la primera edici\u00f3n del TAG Ib\u00e9rico los d\u00edas <strong>1 al 4 de febrero de 2018<\/strong> en la ciudad\nde <strong>Carmona, Sevilla, Espa\u00f1a<\/strong>. Una\nciudad peque\u00f1a y acogedora, donde podremos disfrutar de un encuentro cercano en\nel que debatir teor\u00eda arqueol\u00f3gica sin cortapisas.<\/p>\n\n\n\n<p>La\nfilosof\u00eda de este encuentro es sencilla: <strong>debate\ny cercan\u00eda<\/strong>. Pero tiene tambi\u00e9n como objetivo acercar la teor\u00eda arqueol\u00f3gica\na j\u00f3venes que comienzan su carrera investigadora. Por ello, vamos a intentar\nfacilitar siempre en lo posible la asistencia del mayor n\u00famero de personas con\nprecios asequibles y una buena oferta de contenidos.<\/p>\n\n\n\n<h3 class=\"wp-block-heading\">#TAGi18 CARMONA &#8211; 2 a 4 de Fevereiro, 2018<\/h3>\n\n\n\n<p>Agora\nque se cumprem os 40 anos do seu nascimento do que se foi estendendo a outras\nregi\u00f5es do mundo, consideramos que chegou o momento de come\u00e7ar. Por isso,\nconvocamos a primeira edi\u00e7\u00e3o do TAG Ib\u00e9rico a realizar entre os dias <strong>1 a 4 de fevereiro de 2018<\/strong> na cidade de\n<strong>Carmona, Sevilha (Espanha).<\/strong> Uma\ncidade pequena y acolhedora onde poderemos disfrutar de um encontro pr\u00f3ximo\npara debater teorias arqueol\u00f3gicas sem correrias e restri\u00e7\u00f5es.<\/p>\n\n\n\n<p>A\nfilosofia deste encontro \u00e9 simples: <strong>debate\ne proximidade<\/strong>. Mas tem tamb\u00e9m como objetivo aproximar a teoria arqueol\u00f3gica\na jovens que iniciam a sua carreira de investigador. Por esse motivo iremos,\nsempre que poss\u00edvel, tentar facilitar a assist\u00eancia do maior numero de pessoas\ncom pre\u00e7os acess\u00edveis e uma boa oferta de conte\u00fados. <\/p>\n\n\n\n<h4 class=\"wp-block-heading\">Inscripciones<\/h4>\n\n\n\n<p><strong>General:<\/strong> 60\u20ac<\/p>\n\n\n\n<p><strong>Reducida:<\/strong> 35\u20ac<\/p>\n\n\n\n<p><em>Pueden acogerse a la inscripci\u00f3n reducida las personas que cumplan uno de los siguientes requisitos:<\/em><\/p>\n\n\n\n<ul class=\"wp-block-list\"><li><em>Estudiante de grado o master<\/em><\/li><li><em>Estudiante de doctorado sin beca o contrato<\/em><\/li><li><em>Profesional desempleado<\/em><\/li><li><em>Vecino de Carmona<\/em><\/li><li><\/li><\/ul>\n\n\n\n<h4 class=\"wp-block-heading\">Comit\u00e9 Organizador<\/h4>\n\n\n\n<ul class=\"wp-block-list\"><li>Jaime Almansa S\u00e1nchez, Espa\u00f1a<\/li><li>Ignacio Rodr\u00edguez Temi\u00f1o, Espa\u00f1a<\/li><li><\/li><\/ul>\n\n\n\n<figure class=\"wp-block-image\"><img loading=\"lazy\" decoding=\"async\" width=\"1024\" height=\"768\" src=\"https:\/\/tagiberico.org\/wp-content\/uploads\/2019\/03\/IMG_7750-e1553679153154-1024x768.jpg\" alt=\"\" class=\"wp-image-88\" srcset=\"https:\/\/tagiberico.org\/wp-content\/uploads\/2019\/03\/IMG_7750-e1553679153154-1024x768.jpg 1024w, https:\/\/tagiberico.org\/wp-content\/uploads\/2019\/03\/IMG_7750-e1553679153154-300x225.jpg 300w, https:\/\/tagiberico.org\/wp-content\/uploads\/2019\/03\/IMG_7750-e1553679153154-768x576.jpg 768w, https:\/\/tagiberico.org\/wp-content\/uploads\/2019\/03\/IMG_7750-e1553679153154.jpg 1280w\" sizes=\"auto, (max-width: 1024px) 100vw, 1024px\" \/><\/figure>\n\n\n\n<h4 class=\"wp-block-heading\">Comit\u00e9 Cient\u00edfico<\/h4>\n\n\n\n<ul class=\"wp-block-list\"><li>Felipe Criado Boado, Espa\u00f1a<\/li><li>Almudena Hernando Gonzalo, Espa\u00f1a<\/li><li>Sergio Escribano Ruiz, Espa\u00f1a<\/li><li>Margarita S\u00e1nchez Romero, Espa\u00f1a<\/li><li>Sergio Gomes, Portugal<\/li><li>Joana Alves Ferreira, Portugal<\/li><li>Rui Gomes Coelho, Portugal<\/li><li>Ana Vale, Portugal<\/li><li>Pablo Alonso Gonz\u00e1lez, Espa\u00f1a<\/li><li>Sandra Mont\u00f3n Subias, Espa\u00f1a<\/li><li>Beatriz Mar\u00edn Aguilera, Espa\u00f1a<\/li><li>Laia Colomer Solsona, Espa\u00f1a<\/li><li>Mar\u00eda Joaquina Coelho Soares, Portugal<\/li><li>Alfredo Gonz\u00e1lez Ruibal, Espa\u00f1a <\/li><\/ul>\n\n\n\n<h4 class=\"wp-block-heading\">Patrocinadores<\/h4>\n\n\n\n<p>JAS Arqueolog\u00eda S.L.U \/ Conjunto Arqueol\u00f3gico de Carmona \/ Junta de Andaluc\u00eda \/ Ayuntamiento de Carmona \/ Asociaci\u00f3n N\u00e9mesis<\/p>\n","protected":false},"excerpt":{"rendered":"<p>#TAGi18 CARMONA &#8211; 2 a 4 de febrero, 2018 Ahora que se cumplen cuarenta a\u00f1os de su nacimiento y que&hellip;<\/p>\n","protected":false},"author":2,"featured_media":0,"parent":0,"menu_order":0,"comment_status":"closed","ping_status":"closed","template":"","meta":{"footnotes":""},"class_list":["post-54","page","type-page","status-publish","hentry"],"_links":{"self":[{"href":"https:\/\/tagiberico.org\/index.php?rest_route=\/wp\/v2\/pages\/54","targetHints":{"allow":["GET"]}}],"collection":[{"href":"https:\/\/tagiberico.org\/index.php?rest_route=\/wp\/v2\/pages"}],"about":[{"href":"https:\/\/tagiberico.org\/index.php?rest_route=\/wp\/v2\/types\/page"}],"author":[{"embeddable":true,"href":"https:\/\/tagiberico.org\/index.php?rest_route=\/wp\/v2\/users\/2"}],"replies":[{"embeddable":true,"href":"https:\/\/tagiberico.org\/index.php?rest_route=%2Fwp%2Fv2%2Fcomments&post=54"}],"version-history":[{"count":4,"href":"https:\/\/tagiberico.org\/index.php?rest_route=\/wp\/v2\/pages\/54\/revisions"}],"predecessor-version":[{"id":125,"href":"https:\/\/tagiberico.org\/index.php?rest_route=\/wp\/v2\/pages\/54\/revisions\/125"}],"wp:attachment":[{"href":"https:\/\/tagiberico.org\/index.php?rest_route=%2Fwp%2Fv2%2Fmedia&parent=54"}],"curies":[{"name":"wp","href":"https:\/\/api.w.org\/{rel}","templated":true}]}}