{"id":50,"date":"2018-03-02T13:08:32","date_gmt":"2018-03-02T13:08:32","guid":{"rendered":"https:\/\/tagiberico.org\/?page_id=50"},"modified":"2023-12-19T17:47:15","modified_gmt":"2023-12-19T17:47:15","slug":"congresos","status":"publish","type":"page","link":"https:\/\/tagiberico.org\/?page_id=50","title":{"rendered":"Congresos"},"content":{"rendered":"\n<p>Ahora que se cumplen cuarenta a\u00f1os de su nacimiento y que se ha ido  extendiendo por otras regiones del mundo, consideramos que ha llegado el  momento de comenzar la andadura en la Pen\u00ednsula Ib\u00e9rica.<\/p>\n\n\n\n<p>La filosof\u00eda de este encuentro es sencilla: <strong>debate y cercan\u00eda<\/strong>.  Pero tiene tambi\u00e9n como objetivo acercar la teor\u00eda arqueol\u00f3gica a  j\u00f3venes que comienzan su carrera investigadora. Por ello, vamos a  intentar facilitar siempre en lo posible la asistencia del mayor n\u00famero  de personas con precios asequibles y una buena oferta de contenidos.<\/p>\n\n\n\n<p>Los encuentros se alternar\u00e1n entre Espa\u00f1a y Portugal, tratando de atraer a todas las personas interesadas en la teor\u00eda arqueol\u00f3gica.<\/p>\n\n\n\n<p>***<\/p>\n\n\n\n<p>Agora que se cumprem os 40 anos do seu nascimento do que se foi  estendendo a outras regi\u00f5es do mundo, consideramos que chegou o momento  de come\u00e7ar a la Pen\u00ednsula Ib\u00e9rica.<\/p>\n\n\n\n<p>A filosofia deste encontro \u00e9 simples: <strong>debate e proximidade<\/strong>.  Mas tem tamb\u00e9m como objetivo aproximar a teoria arqueol\u00f3gica a jovens  que iniciam a sua carreira de investigador. Por esse motivo iremos,  sempre que poss\u00edvel, tentar facilitar a assist\u00eancia do maior numero de  pessoas com pre\u00e7os acess\u00edveis e uma boa oferta de conte\u00fados.<\/p>\n\n\n\n<p>As reuni\u00f5es ser\u00e3o alternadas entre Espanha e Portugal, tentando atrair todas as pessoas interessadas em teoria arqueol\u00f3gica.<\/p>\n\n\n\n<ul class=\"wp-block-list\">\n<li>2018 Carmona [ES]<\/li>\n\n\n\n<li>2020 Lisboa [PT]<\/li>\n\n\n\n<li>2022 &#8212; Covid 19<\/li>\n\n\n\n<li>2024 Segovia [ES]<\/li>\n\n\n\n<li>2026 \u00bf? <\/li>\n<\/ul>\n\n\n\n<p>Si est\u00e1s interesado en llevar el TAG Ib\u00e9rico a tu ciudad, cont\u00e1cta con nosotros \/\/ Se voc\u00ea est\u00e1 interessado em levar o TAG Ib\u00e9rico para a sua cidade, entre em contato conosco.<\/p>\n\n\n\n<figure class=\"wp-block-image\"><img loading=\"lazy\" decoding=\"async\" width=\"1024\" height=\"467\" src=\"https:\/\/tagiberico.org\/wp-content\/uploads\/2019\/03\/fullsizeoutput_69fa-1024x467.jpeg\" alt=\"\" class=\"wp-image-92\" srcset=\"https:\/\/tagiberico.org\/wp-content\/uploads\/2019\/03\/fullsizeoutput_69fa-1024x467.jpeg 1024w, https:\/\/tagiberico.org\/wp-content\/uploads\/2019\/03\/fullsizeoutput_69fa-300x137.jpeg 300w, https:\/\/tagiberico.org\/wp-content\/uploads\/2019\/03\/fullsizeoutput_69fa-768x350.jpeg 768w, https:\/\/tagiberico.org\/wp-content\/uploads\/2019\/03\/fullsizeoutput_69fa-1600x729.jpeg 1600w\" sizes=\"auto, (max-width: 1024px) 100vw, 1024px\" \/><\/figure>\n","protected":false},"excerpt":{"rendered":"<p>Ahora que se cumplen cuarenta a\u00f1os de su nacimiento y que se ha ido extendiendo por otras regiones del mundo,&hellip;<\/p>\n","protected":false},"author":2,"featured_media":0,"parent":0,"menu_order":0,"comment_status":"closed","ping_status":"closed","template":"","meta":{"footnotes":""},"class_list":["post-50","page","type-page","status-publish","hentry"],"_links":{"self":[{"href":"https:\/\/tagiberico.org\/index.php?rest_route=\/wp\/v2\/pages\/50","targetHints":{"allow":["GET"]}}],"collection":[{"href":"https:\/\/tagiberico.org\/index.php?rest_route=\/wp\/v2\/pages"}],"about":[{"href":"https:\/\/tagiberico.org\/index.php?rest_route=\/wp\/v2\/types\/page"}],"author":[{"embeddable":true,"href":"https:\/\/tagiberico.org\/index.php?rest_route=\/wp\/v2\/users\/2"}],"replies":[{"embeddable":true,"href":"https:\/\/tagiberico.org\/index.php?rest_route=%2Fwp%2Fv2%2Fcomments&post=50"}],"version-history":[{"count":4,"href":"https:\/\/tagiberico.org\/index.php?rest_route=\/wp\/v2\/pages\/50\/revisions"}],"predecessor-version":[{"id":234,"href":"https:\/\/tagiberico.org\/index.php?rest_route=\/wp\/v2\/pages\/50\/revisions\/234"}],"wp:attachment":[{"href":"https:\/\/tagiberico.org\/index.php?rest_route=%2Fwp%2Fv2%2Fmedia&parent=50"}],"curies":[{"name":"wp","href":"https:\/\/api.w.org\/{rel}","templated":true}]}}