{"id":329,"date":"2025-12-23T16:46:31","date_gmt":"2025-12-23T16:46:31","guid":{"rendered":"https:\/\/tagiberico.org\/?page_id=329"},"modified":"2026-02-05T09:10:32","modified_gmt":"2026-02-05T09:10:32","slug":"programa-tagi26","status":"publish","type":"page","link":"https:\/\/tagiberico.org\/?page_id=329","title":{"rendered":"Programa TAGi26"},"content":{"rendered":"\n<p class=\"has-text-align-center has-quinary-color has-primary-background-color has-text-color has-background has-link-color has-medium-font-size wp-elements-a84cceb7176ef0f8af8af670e598520c\" style=\"font-style:normal;font-weight:900\">O programa provis\u00f3rio j\u00e1 est\u00e1 dispon\u00edvel!<br>\u00a1Ya est\u00e1 disponible el programa provisional!<br>act. 30\/01\/2026<br>&#8211; <a href=\"https:\/\/tagiberico.org\/wp-content\/uploads\/2026\/01\/TAGi26_Abstract_260130r.pdf\" target=\"_blank\" rel=\"noreferrer noopener\">PDF abstracts AQUI<\/a> &#8211;<\/p>\n\n\n\n<p class=\"has-text-align-center has-quinary-color has-quaternary-background-color has-text-color has-background has-link-color has-medium-font-size wp-elements-9651efcde6419a21f27d31fc8feb9d3f\"><strong>Inscri\u00e7\u00f5es dispon\u00edveis &#8211; At\u00e9 25\/01<br>Registro disponible &#8211; Hasta 25\/01<br>&gt; <a href=\"https:\/\/docs.google.com\/forms\/d\/e\/1FAIpQLScRiPrYArEcF9aZJl_RQS9-Ul-IebePdgo7DBvxQn3Fx-t9xA\/viewform?usp=sharing&amp;ouid=109397882471141904020\" target=\"_blank\" rel=\"noreferrer noopener\">AQUI<\/a> &lt;<\/strong><\/p>\n\n\n\n<p class=\"has-text-align-center has-tertiary-background-color has-background has-medium-font-size\"><strong><s>Oferecemos apoio a quatro estudantes (matr\u00edcula e alojamento) \/ Ofrecemos apoyo a cuatro estudiantes (matr\u00edcula y alojamiento)<br>Prioridade: estudantes sem contrato que apresentar\u00e3o trabalhos no congresso.<br>Prioridad: estudiantes sin contrato que presenten trabajos en el congreso.<br>(Caso ainda existam vagas, estas ser\u00e3o disponibilizadas a outros estudiantes \/ En caso de que haya espacios libres, estar\u00e1n disponibles a otros estudiantes)<br>Envie a sua candidatura at\u00e9 ao dia 28 \/ Env\u00eda tu solicitud antes del d\u00eda 28<br>tagiberico at gmail . com<\/s><\/strong><br><br><strong>COMPLETO<\/strong><\/p>\n\n\n\n<p>Em breve, publicaremos mais detalhes sobre os espa\u00e7os. Entretanto, recebemos um c\u00f3digo de desconto para o Hotel Moov. \/\/ Pronto publicaremos m\u00e1s detalles sobre los espacios. Mientras tanto, hemos recibido un c\u00f3digo de descuento para el Hotel Moov = TAG-IBERICO26 (de 4\/2 a 7\/2 x 57\u20ac noche [com pequeno-almo\u00e7o \/ con desayuno])<\/p>\n\n\n\n<figure class=\"wp-block-image size-large\"><img loading=\"lazy\" decoding=\"async\" width=\"1024\" height=\"724\" src=\"https:\/\/tagiberico.org\/wp-content\/uploads\/2026\/01\/PHOTO-2026-01-30-12-47-09-1024x724.jpg\" alt=\"\" class=\"wp-image-373\" srcset=\"https:\/\/tagiberico.org\/wp-content\/uploads\/2026\/01\/PHOTO-2026-01-30-12-47-09-1024x724.jpg 1024w, https:\/\/tagiberico.org\/wp-content\/uploads\/2026\/01\/PHOTO-2026-01-30-12-47-09-300x212.jpg 300w, https:\/\/tagiberico.org\/wp-content\/uploads\/2026\/01\/PHOTO-2026-01-30-12-47-09-768x543.jpg 768w, https:\/\/tagiberico.org\/wp-content\/uploads\/2026\/01\/PHOTO-2026-01-30-12-47-09-1536x1087.jpg 1536w, https:\/\/tagiberico.org\/wp-content\/uploads\/2026\/01\/PHOTO-2026-01-30-12-47-09.jpg 1600w\" sizes=\"auto, (max-width: 1024px) 100vw, 1024px\" \/><\/figure>\n\n\n\n<div style=\"height:100px\" aria-hidden=\"true\" class=\"wp-block-spacer\"><\/div>\n\n\n\n<p class=\"has-tertiary-background-color has-background has-medium-font-size\"><strong>Quinta-feira \/ Jueves<\/strong><\/p>\n\n\n\n<p class=\"has-primary-color has-text-color has-link-color wp-elements-b5cc221222184be01c8278650d3a1123\"><strong>09h30 \u2013 11h<\/strong><br>Rece\u00e7\u00e3o e documenta\u00e7\u00e3o \/ Recepci\u00f3n y entrega de documentaci\u00f3n<\/p>\n\n\n\n<p class=\"has-primary-color has-text-color has-link-color wp-elements-9fcffd935043c96435bf181ed92c0808\"><strong>11h \u2013 11.30h<\/strong><br>Inaugura\u00e7\u00e3o \/ Inauguraci\u00f3n<\/p>\n\n\n\n<p><strong>11.30h \u2013 13h<\/strong><br><strong>La discreta pr\u00e1ctica de la anarqu\u00eda. Horizontalidad y resistencia cotidianas en las comunidades arqueol\u00f3gicas<\/strong><br><em>Judit del R\u00edo, Corey Herrmann<\/em><\/p>\n\n\n\n<p class=\"has-text-color has-link-color wp-elements-f8a4de3d5d928c5fdb586986b1aafe58\" style=\"color:#5d5d5d\"><strong>\u00bfSue\u00f1an en gesti\u00f3n con soluciones m\u00e1s horizontales? Hacia una gesti\u00f3n participativa del patrimonio arqueol\u00f3gico<\/strong> <em>Jaime Almansa-S\u00e1nchez<\/em><br><strong>Transmitindo e criando conhecimento em arqueologia: pedagogias horizontais em tempos acelerados<\/strong>&nbsp;<em>In\u00eas Ribeiro, Nelson J. Almeida&nbsp;Rafaela Ara\u00fajo; Ana Catarina Bas\u00edlio, Alejandro Beltr\u00e1n Ruiz, Ant\u00f3nio Diniz, Filipa Dias, Beatriz Fraz\u00e3o, Pedro Godinho, Catarina Guinot, J\u00e9ssica Paes, Diego Pavei, Jos\u00e9 Po\u00e7as<\/em><br><strong>Perspectivas internacionales sobre el anarquismo y la \u00e9tica arqueol\u00f3gica<\/strong> <em>James Flexner, Judit Del Rio, Corey Hermann<\/em><\/p>\n\n\n\n<p class=\"has-secondary-color has-text-color has-link-color wp-elements-f963239f08edc3b6c7657d9582d0d3f3\"><strong>13 \u2013 14.30h<\/strong><br>Almo\u00e7o \/ Comida<\/p>\n\n\n\n<p><strong>14h30 \u2013 16h<\/strong><br><strong>Desafios da Comunica\u00e7\u00e3o de Pr\u00e9-Hist\u00f3ria no s\u00e9c. XXI: entre a Pseudoarqueologia e a Economia da Aten\u00e7\u00e3o<\/strong><br><em>Sara Cura, Susana Nunes, Miguel Serra<\/em><\/p>\n\n\n\n<p class=\"has-text-color has-link-color wp-elements-92b0f23d221fa2508a57951777a045b7\" style=\"color:#5d5d5d\"><strong>Yabba-Dabba-Doo! \u00c9 assim t\u00e3o dif\u00edcil comunicar ci\u00eancia?&nbsp;<\/strong><em>Pedro M. Sobral de Carvalho, Lu\u00eds Taklim<\/em><br><strong>Patrim\u00f3nio Pr\u00e9-Hist\u00f3rico e Comunidade em Avis: Experi\u00eancias de Educa\u00e7\u00e3o Patrimonial<\/strong> <em>Ana Cristina Ribeiro<\/em><br><strong>Desafios da divulga\u00e7\u00e3o do patrim\u00f3nio megal\u00edtico do concelho de Sintra \u2013 reflex\u00e3o sobre as atividades desenvolvidas entre 2020 \u2013 2025<\/strong> <em>Eduardo Porf\u00edrio, Catarina Costeira<\/em><br><strong>Arqueologia fora do feed: comunicar devagar num mundo apressado<\/strong> <em>Nelson J. Almeida, Miguel Serra, Jos\u00e9 Pereira, Jos\u00e9 Gon\u00e7alo, Jo\u00e3o Barreira<\/em><br><strong>Desviar do virtual e mostrar-lhes material? A utiliza\u00e7\u00e3o de r\u00e9plicas artefactuais como motiva\u00e7\u00e3o para aprender Hist\u00f3ria<\/strong> <em>Cristina Gameiro<\/em><br><strong>The prehistoric schematic paintings of Serra de Passos\/Santa Comba \u2013 Garraia: Communication challenges in a conflict setting<\/strong> <em>Joana Castro Teixeira, Maria de Jesus Sanches, Sara Cura<\/em><br><strong>Como assim \u201cos arque\u00f3logos n\u00e3o escavam dinossauros\u201d?! Desafios de comunicar Arqueologia nas redes sociais.<\/strong> <em>Susana Nunes, Jo\u00e3o Nuno Marques<\/em><\/p>\n\n\n\n<p class=\"has-secondary-color has-text-color has-link-color wp-elements-cc1497527124d421bcc6b8725193f1fc\"><strong>16h \u2013 16h30m<\/strong><br>Caf\u00e9<\/p>\n\n\n\n<p><strong>16h30 \u2013 18h<\/strong><br><strong>Espa\u00e7os de reuni\u00e3o: debatendo o conceito de assembleia na sua aplica\u00e7\u00e3o a contextos da Pr\u00e9-Hist\u00f3ria Recente<\/strong><br><em>Ana Vale, Antonio Valera<\/em><\/p>\n\n\n\n<p><strong>Mesa-redonda:<\/strong> <em>Ana Santos, Andr\u00e9 Santos, <\/em> <em>Maria de Jesus Sanches, <\/em> <em>Mariana Diniz, S\u00e9rgio Gomes<\/em><\/p>\n\n\n\n<div style=\"height:100px\" aria-hidden=\"true\" class=\"wp-block-spacer\"><\/div>\n\n\n\n<p class=\"has-tertiary-background-color has-background has-medium-font-size\"><strong>Sexta-feira \/ Viernes<\/strong><\/p>\n\n\n\n<p class=\"has-quaternary-color has-text-color has-link-color wp-elements-1b0889b68db2e70ae9be57ca0e8f875d\"><strong>08h \u2013 9.30h<\/strong> CANCELADO<br><s><strong>Di\u00e1logos sobre los l\u00edmites de la Arqueolog\u00eda del territorio: del control a la delimitaci\u00f3n a partir del an\u00e1lisis de arquitecturas, objetos y representaciones<\/strong><br><em>Carolina Cabrero Gonz\u00e1lez<\/em><\/s><\/p>\n\n\n\n<p><s><strong>Mesa-redonda<\/strong>: <em>Jes\u00fas G\u00e1miz Caro<\/em>, <em>Sa\u00faco S\u00e1nchez Burgos<\/em>, <em>Werner Miguel Otte<\/em>, <em>Liliana Spanedda<\/em>, <em>Leonor Rocha<\/em>, <em>Juan Antonio C\u00e1mara Serrano<\/em><\/s><\/p>\n\n\n\n<p><strong>09.30h \u2013 11h<\/strong><br><strong>Arqueolog\u00eda, Humanidades y epistemolog\u00eda de lo digital: una conversaci\u00f3n sobre el sentido de pertin\u00eancia<\/strong><br><em>Sonia Medina Gordo, Esther Trav\u00e9 Allepuz<\/em><\/p>\n\n\n\n<p><strong>Mesa-redonda:<\/strong> <em>Raquel Liceras Garrido, Pablo L\u00f3pez Rubio, Patricia Mart\u00edn Rodilla y Sonia Medina Gordo<\/em><\/p>\n\n\n\n<p class=\"has-secondary-color has-text-color has-link-color wp-elements-2ce81aab81ed836dd923290386940167\"><strong>11h-11h30m<\/strong><br>Caf\u00e9<\/p>\n\n\n\n<p><strong>11h30 \u2013 13h<\/strong><br><strong>Intelig\u00eancia Artificial e o Futuro da Investiga\u00e7\u00e3o do Passado<\/strong><br><em>Vera Moitinho de Almeida, Ivo Santos, Carmen Cuenca-Garcia<\/em><\/p>\n\n\n\n<p><strong>Agentic AI, Data Poisoning e caminhos para a qualidade de dados em Arqueologia&nbsp;<\/strong><em>Daniel Carvalho<\/em><br><strong>Una perspectiva computacional en Arqueolog\u00eda y dos modelos predictivos&nbsp;<\/strong><em>Daniel S\u00e1nchez-Gomez<\/em><br><strong>O projeto RA3I: Rock Art Analysis with Artificial Intelligence<\/strong> <em>Sara Garc\u00eas, Luiz Oosterbeek, Hip\u00f3lito Collado, Hugo Gomes, Sandra Jardim, Carlos Mora, Dionysios Danelatos, No\u00e9lia Priego<\/em><br><strong>Dete\u00e7\u00e3o autom\u00e1tica de povoados fortificados atrav\u00e9s de dete\u00e7\u00e3o remota, machine learning e modelos preditivos<\/strong> <em>Jo\u00e3o Fonte, Daniel Canedo, Roberto Castro, Tiago do Pereiro, Rita Dias, Ant\u00f3nio Neves<\/em><\/p>\n\n\n\n<p class=\"has-secondary-color has-text-color has-link-color wp-elements-c639edec7dff87f2148671485bb3c379\"><strong>13h \u2013 14h30<\/strong><br>Almo\u00e7o<\/p>\n\n\n\n<p><strong>14h30 \u2013 16h<\/strong><br><strong><s>Sex<\/s> Gender and the City: Din\u00e1micas de G\u00e9nero en la Emergencia y Desarrollo del Mundo Urbano en la Pen\u00ednsula Ib\u00e9rica (y M\u00e1s All\u00e1)<\/strong><br><em>Francisco B. Gomes, Carmen Ram\u00edrez Ca\u00f1as, Sonia L\u00f3pez-Chamizo<\/em><\/p>\n\n\n\n<p><strong>De caba\u00f1as de postes a aldeas de casas de adobe: una lectura desde la arqueolog\u00eda feminista del tr\u00e1nsito entre el II y el I milenio a. C. en la cuenca del Duero<\/strong>&nbsp;<em>Alejandra S\u00e1nchez Polo<\/em><br><strong>It Takes a Village \u2013 or a City: Uma Reflex\u00e3o Diacr\u00f3nica sobre Produ\u00e7\u00e3o T\u00eaxtil, Trabalho Feminino e as Din\u00e2micas de G\u00e9nero na G\u00e9nese do Mundo Urbano no Sudoeste Peninsular<\/strong> <em>Francisco B. Gomes, Catarina Costeira<\/em><br><strong>Las necr\u00f3polis como espacios de aprendizaje y transmisi\u00f3n social en contextos en zonas de contacto de la fachada mediterr\u00e1nea peninsular (ss. IX-VI a.C.)<\/strong> <em>Lorena Mar\u00edn Mu\u00f1oz<\/em><br><strong>Bones in the City: g\u00e9nero, cuidados y memoria en la construcci\u00f3n urbana de Malaka<\/strong> <em>Sonia L\u00f3pez-Chamizo<\/em><br><strong>Who Raises the City? Ritual, cuidado y g\u00e9nero en los espacios de culto de la bah\u00eda de C\u00e1diz fenicio-p\u00fanica y su hinterland<\/strong> <em>Carmen Ram\u00edrez Ca\u00f1as<\/em><br><strong>Hacer ciudad m\u00e1s all\u00e1 del falo<\/strong>&nbsp;<em>el\u00edas brossoise<\/em><\/p>\n\n\n\n<p class=\"has-secondary-color has-text-color has-link-color wp-elements-cc1497527124d421bcc6b8725193f1fc\"><strong>16h \u2013 16h30m<\/strong><br>Caf\u00e9<\/p>\n\n\n\n<p><strong>16h30 \u2013 18h<\/strong><br><strong>Teor\u00eda y m\u00e9todos en evoluci\u00f3n cultural: aproximaciones al registro<\/strong><br><em>Roc\u00edo And\u00fajar Pareja, Gonzalo Herrero Ortega<\/em><\/p>\n\n\n\n<p><strong>C\u00e1lculos de entrop\u00eda y redes de sitios arqueol\u00f3gicos. Midiendo la tasa de cambio de informaci\u00f3n arqueol\u00f3gica a escalas territorial e intrasite en el marco de la Arqueolog\u00eda Darwiniana<\/strong> <em>Luis-Gethseman\u00ed P\u00e9rez-Aguilar<\/em><br><strong>La tercera s\u00edntesis, o qu\u00e9 sea la arqueolog\u00eda evolutiva<\/strong> <em>Jos\u00e9 Luis Escacena Carrasco<\/em><br><strong>Arqueolog\u00eda evolutiva hoy: notas reflexivas y ejemplos<\/strong> <em>Daniel Garc\u00eda Rivero<\/em><br><strong>La Arqueolog\u00eda Evolutiva y el Neol\u00edtico europeo: pasado, presente y perspectivas de futuro<\/strong> <em>Alberto K. Cooper Pedrote, Juan Antonio Fern\u00e1ndez Morales<\/em><\/p>\n\n\n\n<p class=\"has-primary-color has-text-color has-link-color wp-elements-90775790d765794b2088f4292662c825\"><strong>20h30<\/strong><br>Visita nocturna (Sess\u00e3o golfa, \u00c9vora de noite \/ Sesi\u00f3n golfa, \u00c9vora de noche)<\/p>\n\n\n\n<figure class=\"wp-block-image size-large\"><img loading=\"lazy\" decoding=\"async\" width=\"1024\" height=\"768\" src=\"https:\/\/tagiberico.org\/wp-content\/uploads\/2025\/07\/IMG_8828-1024x768.jpeg\" alt=\"\" class=\"wp-image-280\" srcset=\"https:\/\/tagiberico.org\/wp-content\/uploads\/2025\/07\/IMG_8828-1024x768.jpeg 1024w, https:\/\/tagiberico.org\/wp-content\/uploads\/2025\/07\/IMG_8828-300x225.jpeg 300w, https:\/\/tagiberico.org\/wp-content\/uploads\/2025\/07\/IMG_8828-768x576.jpeg 768w, https:\/\/tagiberico.org\/wp-content\/uploads\/2025\/07\/IMG_8828-1536x1152.jpeg 1536w, https:\/\/tagiberico.org\/wp-content\/uploads\/2025\/07\/IMG_8828-2048x1536.jpeg 2048w, https:\/\/tagiberico.org\/wp-content\/uploads\/2025\/07\/IMG_8828-1600x1200.jpeg 1600w\" sizes=\"auto, (max-width: 1024px) 100vw, 1024px\" \/><\/figure>\n\n\n\n<div style=\"height:100px\" aria-hidden=\"true\" class=\"wp-block-spacer\"><\/div>\n\n\n\n<p class=\"has-tertiary-background-color has-background has-medium-font-size\"><strong>S\u00e1bado<\/strong><\/p>\n\n\n\n<p><strong>08h \u2013 9h30<\/strong><br><strong>Entre tiempos. Interpretaci\u00f3n y usos de los periodos de transici\u00f3n desde una perspectiva te\u00f3rica<\/strong><br><em>Pablo Gonz\u00e1lez Zambrano, Araceli Cristo Ropero, Arturo Garc\u00eda L\u00f3pez, Manuel Abelleira Dur\u00e1n<\/em><\/p>\n\n\n\n<p><strong>La Protohistoria como periodo entre tiempos siendo un tiempo en s\u00ed mismo<\/strong> <br><em>Andr\u00e9s Mar\u00eda Adroher<\/em><br><strong>Bisagras, pivotes y escalas de grises. Teorizando la arqueolog\u00eda de periodos entre tiempos<\/strong> <em>Javier Mart\u00ednez Jim\u00e9nez<\/em><br><strong>Metodolog\u00edas de an\u00e1lisis y propuestas de organizaci\u00f3n social durante la Primera Edad del Hierro en el sureste de la pen\u00ednsula ib\u00e9rica<\/strong> <em>Raquel San Quirico Garc\u00eda<\/em><br><strong>Tarteso, la leyenda del tiempo. Usos y abusos de la Protohistoria en la construcciones arqueol\u00f3gicas<\/strong> <em>Pablo Gonz\u00e1lez Zambrano<\/em><br><strong>Usos y desuso de las identidades liminares en la Protohistoria<\/strong> <em>Araceli Cristo Ropero<\/em><br><strong>Ordenar el espacio, cambiar la sociedad: territorio y relaciones sociales en el tr\u00e1nsito Bronce Final-Hierro Antiguo<\/strong> <em>Arturo Garc\u00eda L\u00f3pez <\/em><br><strong>El materialismo hist\u00f3rico como teor\u00eda para el an\u00e1lisis de los per\u00edodos de transici\u00f3n<\/strong> <em>Manuel Abeller\u00eda Dur\u00e1n, Arturo Garc\u00eda L\u00f3pez<\/em><\/p>\n\n\n\n<p><strong>9h30 \u2013 11h<\/strong><br><strong>Quando as Palavras Fazem o Tempo: Colapsos, resist\u00eancias e outras formas de inventar as narrativas em Arqueologia<\/strong><br><em>Ana Catarina Bas\u00edlio, Pablo S\u00e1nchez de Oro, Gil Vilarinho, Nelson Almeida<\/em><\/p>\n\n\n\n<p><strong>Identificar los cambios, crisis y colapsos<\/strong> <em>Francisco S\u00e1nchez D\u00edaz<\/em><br><strong>\u201cFujam para as montanhas\u201d versus \u201cEt pluribus unum\u201d: mecanismos de fiss\u00e3o-fus\u00e3o, \u201ccolapsos\u201d e o registo arqueol\u00f3gico<\/strong> <em>Hugo Rafael Oliveira<\/em><br><strong>Entre a mudan\u00e7a e a crise nas margens. O Vale Meio do Tejo no s\u00e9culo IV a.C. como espa\u00e7o de reflex\u00e3o<\/strong> <em>Pablo S\u00e1nchez de Oro<\/em><br><strong>Vae Victis? Uma reflex\u00e3o sobre conceitos e narrativas no processo de forma\u00e7\u00e3o provincial romano no Ocidente peninsular<\/strong> <em>Gil Vilarinho<\/em><\/p>\n\n\n\n<p class=\"has-secondary-color has-text-color has-link-color wp-elements-ec4735c234f1cb1a1791e3eb49c95efa\"><strong>11h \u2013 11h30<\/strong><br>Caf\u00e9<\/p>\n\n\n\n<p><strong>11h30 \u2013 13h<\/strong><br><strong>Arqueolog\u00edas del miedo: materialidades, paisajes y comunidades emocionales en el pasado<\/strong><br><em>Juan Pablo L\u00f3pez Garc\u00eda, Carlos Tejerizo-Garc\u00eda, Henry Gruber<\/em><\/p>\n\n\n\n<p><strong>Introducci\u00f3n: Arqueolog\u00eda emocional. El miedo como objeto de an\u00e1lisis para comprender las sociedades del pasado<\/strong> <em>Juan Pablo L\u00f3pez Garc\u00eda<\/em><br><strong>La materialidad del miedo: una aproximaci\u00f3n a esta emoci\u00f3n en la Prehistoria ib\u00e9rica<\/strong> <em>Alejandra S\u00e1nchez Polo<\/em><br><strong>Donde callaron los dioses, emergi\u00f3 la espada: resignificaci\u00f3n paisaj\u00edstica, memoria y coerci\u00f3n en el territorio pol\u00edtico de C\u00e1stulo. El caso de piedras del Cardado (Bail\u00e9n, Ja\u00e9n)<\/strong> <em>Juan Jos\u00e9 L\u00f3pez Mart\u00ednez, Luis Arboledas Mart\u00ednez, Juan Jes\u00fas Padilla Fern\u00e1ndez<\/em><br><strong>Paisajes de miedo en la Hispania romana<\/strong> <em>Henry Gruber&nbsp;<\/em><br><strong>Murallas y coerci\u00f3n. Miedo y lucha de clases en la Edad Media<\/strong> <em>Mario Ramos Soriano<\/em><br><strong>\u00bfMiedo al cambio o adaptaci\u00f3n al medio? Arqueolog\u00eda de los paisajes preindustriales campesinos en el centro peninsular durante la Edad Moderna<\/strong> <em>Carlos Tejerizo Garc\u00eda<\/em><br><strong>Cuando el miedo es libre y la gente no. Conflicto, represi\u00f3n y arqueolog\u00eda del pasado contempor\u00e1neo<\/strong> <em>Xurxo Ay\u00e1n Vila, Luis Antonio Ruiz Casero, Xabier Herrero Acosta<\/em><\/p>\n\n\n\n<p class=\"has-secondary-color has-text-color has-link-color wp-elements-c639edec7dff87f2148671485bb3c379\"><strong>13h \u2013 14h30<\/strong><br>Almo\u00e7o<\/p>\n\n\n\n<p><strong>14h30 \u2013 16h<\/strong><br><strong>Salvaguarda do patrim\u00f3nio arqueol\u00f3gico em contexto florestal<\/strong><br><em>Filipa Bragan\u00e7a, Sandra Louren\u00e7o, Helena Moura, Jo\u00e3o Marques<\/em><\/p>\n\n\n\n<p class=\"has-text-color has-link-color wp-elements-62ad8866577a7036e2911ca880d951bb\" style=\"color:#000000\"><strong>Salvaguarda do patrim\u00f3nio arqueol\u00f3gico em contexto florestal<\/strong> <em>Filipa Bragan\u00e7a, Sandra Louren\u00e7o, Helena Moura, Jo\u00e3o Marques<\/em><br><strong>Ma\u00e7\u00e3o &#8211; uma estrat\u00e9gia de gest\u00e3o integrada da paisagem<\/strong> <em>Luiz Oosterbeek, Ant\u00f3nio Louro<\/em><br><strong>Inc\u00eandios florestais na sua Zona de Especial Prote\u00e7\u00e3o do Vale do C\u00f4a: causas e consequ\u00eancias<\/strong> <em>Lu\u00eds Lu\u00eds, Milena Scaramussa Pastro, Jo\u00e3o Senra<\/em><br><strong>Salvaguarda do patrim\u00f3nio arqueol\u00f3gico: o impacto dos inc\u00eandios rurais na Regi\u00e3o Centro<\/strong> <em>Gertrudes Branco, Carlos Banha<\/em><br><strong>Inc\u00eandios e salvaguarda arqueol\u00f3gica. Reflex\u00f5es para uma estrat\u00e9gia comum<\/strong>&nbsp; <em>Michelle Teixeira Santos<\/em><br><strong>Dete\u00e7\u00e3o Remota como Estrat\u00e9gia para a Salvaguarda do Patrim\u00f3nio Arqueol\u00f3gico em Contexto Florestal em Portugal<\/strong>&nbsp; <em>Vanessa Antunes, Jo\u00e3o Fonte, Telmo Pereira, Tiago do Pereiro, Bruno Gambinhas, Filipe Ribeiro, Rita Dias<\/em><\/p>\n\n\n\n<p><strong>16h \u2013 17:30h<\/strong><br><strong>\u00c9tica em Arqueologia: responsabilidades, pr\u00e1ticas e desafios no contexto ib\u00e9rico<\/strong><br><em>Joel Santos, T\u00e2nia Casimiro<\/em><\/p>\n\n\n\n<p><strong>Para al\u00e9m da deontologia: uma \u00e9tica levinasiana para a arqueologia<\/strong> <em>Joel Santos<\/em><br><strong>Fracasso em Arqueologia: Aprender a recuar, a resistir e a n\u00e3o colapsar<\/strong> <em>Jo\u00e3o Luis Sequeira<\/em><br><strong>Slow down: degrowth \u00bfuna v\u00eda para buscar soluciones a algunos dilemas \u00e9ticos actuales?<\/strong> <em>M\u00f2nica Bouso<\/em><br><strong>A arqueologia de um sorriso: quest\u00f5es \u00e9ticas na an\u00e1lise de fotografias do trabalho feminino em Portugal<\/strong> <em>Susana Pacheco<\/em><br><strong>Entre o Registo e a Intrus\u00e3o: Dilemas \u00c9ticos na Arqueologia do Abandono S\u00e9nior<\/strong> <em>T\u00e2nia Casimiro<\/em><br><strong>Pedacitos de realidad y dilemas \u00e9ticos. La insoportable levedad del ser del arque\u00f3logo en Comunidad<\/strong> <em>Xurxo Ay\u00e1n Vila<\/em><br><strong>Subs\u00eddios para uma \u00e9tica de preserva\u00e7\u00e3o, valoriza\u00e7\u00e3o e socializa\u00e7\u00e3o de vest\u00edgios arqueol\u00f3gicos relevantes identificados no \u00e2mbito de interven\u00e7\u00f5es enquadradas pelas categorias C e D do Regulamento de Trabalhos Arqueol\u00f3gicos<\/strong> <em>Ant\u00f3nio Batarda Fernandes<\/em><\/p>\n\n\n\n<p class=\"has-primary-color has-text-color has-link-color wp-elements-54b022b6ff6f5e8a8910510135609252\"><strong>17:30h-18h30<\/strong><br><strong>Encerramento e petiscos \/ Clausura y picoteo<\/strong><\/p>\n\n\n\n<p class=\"has-primary-color has-text-color has-link-color wp-elements-8232f343676212bf7209b99fd65760a3\"><strong>18:30h<\/strong><br>Um di\u00e1logo sobre a arqueologia contempor\u00e2nea com o Xurxo Ay\u00e1n e T\u00e2nia Casimiro<br>Un di\u00e1logo sobre arqueolog\u00eda contempor\u00e1nea con Xurxo Ay\u00e1n y T\u00e2nia Casimiro<\/p>\n\n\n\n<p class=\"has-primary-color has-text-color has-link-color wp-elements-f53d0f2000e7e509d3e7c91eff2b425b\"><\/p>\n\n\n\n<div style=\"height:100px\" aria-hidden=\"true\" class=\"wp-block-spacer\"><\/div>\n\n\n\n<figure class=\"wp-block-image size-large\"><img loading=\"lazy\" decoding=\"async\" width=\"1024\" height=\"768\" src=\"https:\/\/tagiberico.org\/wp-content\/uploads\/2025\/07\/IMG_8685-1024x768.jpeg\" alt=\"\" class=\"wp-image-275\" srcset=\"https:\/\/tagiberico.org\/wp-content\/uploads\/2025\/07\/IMG_8685-1024x768.jpeg 1024w, https:\/\/tagiberico.org\/wp-content\/uploads\/2025\/07\/IMG_8685-300x225.jpeg 300w, https:\/\/tagiberico.org\/wp-content\/uploads\/2025\/07\/IMG_8685-768x576.jpeg 768w, https:\/\/tagiberico.org\/wp-content\/uploads\/2025\/07\/IMG_8685-1536x1152.jpeg 1536w, https:\/\/tagiberico.org\/wp-content\/uploads\/2025\/07\/IMG_8685-2048x1536.jpeg 2048w, https:\/\/tagiberico.org\/wp-content\/uploads\/2025\/07\/IMG_8685-1600x1200.jpeg 1600w\" sizes=\"auto, (max-width: 1024px) 100vw, 1024px\" \/><\/figure>\n","protected":false},"excerpt":{"rendered":"<p>O programa provis\u00f3rio j\u00e1 est\u00e1 dispon\u00edvel!\u00a1Ya est\u00e1 disponible el programa provisional!act. 30\/01\/2026&#8211; PDF abstracts AQUI &#8211; Inscri\u00e7\u00f5es dispon\u00edveis &#8211; At\u00e9&hellip;<\/p>\n","protected":false},"author":2,"featured_media":0,"parent":0,"menu_order":0,"comment_status":"closed","ping_status":"closed","template":"","meta":{"footnotes":""},"class_list":["post-329","page","type-page","status-publish","hentry"],"_links":{"self":[{"href":"https:\/\/tagiberico.org\/index.php?rest_route=\/wp\/v2\/pages\/329","targetHints":{"allow":["GET"]}}],"collection":[{"href":"https:\/\/tagiberico.org\/index.php?rest_route=\/wp\/v2\/pages"}],"about":[{"href":"https:\/\/tagiberico.org\/index.php?rest_route=\/wp\/v2\/types\/page"}],"author":[{"embeddable":true,"href":"https:\/\/tagiberico.org\/index.php?rest_route=\/wp\/v2\/users\/2"}],"replies":[{"embeddable":true,"href":"https:\/\/tagiberico.org\/index.php?rest_route=%2Fwp%2Fv2%2Fcomments&post=329"}],"version-history":[{"count":23,"href":"https:\/\/tagiberico.org\/index.php?rest_route=\/wp\/v2\/pages\/329\/revisions"}],"predecessor-version":[{"id":376,"href":"https:\/\/tagiberico.org\/index.php?rest_route=\/wp\/v2\/pages\/329\/revisions\/376"}],"wp:attachment":[{"href":"https:\/\/tagiberico.org\/index.php?rest_route=%2Fwp%2Fv2%2Fmedia&parent=329"}],"curies":[{"name":"wp","href":"https:\/\/api.w.org\/{rel}","templated":true}]}}