{"id":298,"date":"2025-07-21T10:54:14","date_gmt":"2025-07-21T10:54:14","guid":{"rendered":"https:\/\/tagiberico.org\/?page_id=298"},"modified":"2025-11-02T17:06:40","modified_gmt":"2025-11-02T17:06:40","slug":"call-for-sessions-tagi26","status":"publish","type":"page","link":"https:\/\/tagiberico.org\/?page_id=298","title":{"rendered":"Call for sessions TAGi26"},"content":{"rendered":"\n<p class=\"has-text-align-center has-text-color has-link-color has-medium-font-size wp-elements-fce6667e5ace02c6fb17f23f968dad48\" style=\"color:#04377d\"><strong>[CERRADO]<\/strong><\/p>\n\n\n\n<p>O TAG IB\u00c9RICO teve tr\u00eas edi\u00e7\u00f5es. Iniciando-se em Carmona em 2018, passou para Lisboa em 2018 e, ap\u00f3s um per\u00edodo de incertezas, que impactou a vida de todos n\u00f3s, foi poss\u00edvel realizar o terceiro encontro em Seg\u00f3via, em 2024. Estes tr\u00eas eventos enriqueceram o di\u00e1logo entre colegas, da comunidade arqueol\u00f3gica ib\u00e9rica, sobre v\u00e1rios temas que perspetivam a Teoria como algo insepar\u00e1vel da Praxis. Em paralelo, permitiu aproximar a teoria arqueol\u00f3gica de jovens especialistas em forma\u00e7\u00e3o, tornando-se um evento reconhecidamente acess\u00edvel \u00e0 participa\u00e7\u00e3o.<\/p>\n\n\n\n<p><strong>Com esta chamada de sess\u00f5es, queremos convocar o quarto TAG IB\u00c9RICO em \u00c9vora, nos dias 5 a 7 de Fevereiro de 2026<\/strong>. Estamos abertos a diversas sess\u00f5es tem\u00e1ticas, pelo que at\u00e9 ao dia <strong>15 de setembro,<\/strong> <strong>receberemos propostas de sess\u00f5es<\/strong>, com uma dura\u00e7\u00e3o m\u00e1xima de 2 horas, nos seguintes formatos:<\/p>\n\n\n\n<ul class=\"wp-block-list\">\n<li><strong>Mesas de discuss\u00e3o<\/strong><br>sess\u00f5es focadas na discuss\u00e3o de um t\u00f3pico, com um relator a assumir a gest\u00e3o da mesma.<br>sugerimos 4 a 6 participantes e um relator, cada participante com uma posi\u00e7\u00e3o de partida de 6 minutos, seguidos de orienta\u00e7\u00e3o do debate entre participantes, abertura da discuss\u00e3o \u00e0 audi\u00eancia e sinopse final pelo relator.<\/li>\n<\/ul>\n\n\n\n<ul class=\"wp-block-list\">\n<li><strong>Sess\u00f5es-col\u00f3quio<\/strong><br>sess\u00e3o tradicional com comunica\u00e7\u00f5es de tempo limite pr\u00e9-definido relacionadas com um tema escolhido para nortear a sess\u00e3o;<\/li>\n<\/ul>\n\n\n\n<ul class=\"wp-block-list\">\n<li><strong>Sess\u00f5es pr\u00e9-circuladas<\/strong><br>sess\u00f5es focadas no debate de um documento facultado anteriormente aos participantes;<\/li>\n<\/ul>\n\n\n\n<p>As propostas dever\u00e3o ter um t\u00edtulo e um resumo de at\u00e9 300 palavras. Agradece-se a participa\u00e7\u00e3o de colegas de Espanha e Portugal e o idioma poder\u00e1 ser espanhol ou portugu\u00eas, as l\u00ednguas oficiais do TAG IB\u00c9RICO. Havendo participantes definidos ou que estejam interessados em fazer parte da lista de contribui\u00e7\u00f5es das propostas de sess\u00e3o, essa informa\u00e7\u00e3o dever\u00e1 ser facultada na proposta. As propostas dever\u00e3o ser submetidas para <strong>tagiberico@gmail.com<\/strong>. Iremos partilhar as propostas aceites e o programa definitivo uns dias depois.<\/p>\n\n\n\n<p><strong>Iremos divulgando novidades nos pr\u00f3ximos meses atrav\u00e9s das nossas redes sociais e p\u00e1gina web. Preparem as vossas propostas de sess\u00f5es e juntem-se a n\u00f3s!<\/strong><\/p>\n\n\n\n<p>***<\/p>\n\n\n\n<p>El TAG Ib\u00e9rico ha tenido tres ediciones. Comenz\u00f3 en Carmona en 2018 y se traslad\u00f3 a Lisboa en 2018. Tras un per\u00edodo de incertidumbre que impact\u00f3 nuestras vidas, la tercera reuni\u00f3n se celebr\u00f3 en Segovia en 2024. Estos tres eventos enriquecieron el di\u00e1logo entre colegas de la comunidad arqueol\u00f3gica ib\u00e9rica sobre diversos temas que consideran la teor\u00eda inseparable de la pr\u00e1ctica. Al mismo tiempo, permitieron acercar la teor\u00eda arqueol\u00f3gica a j\u00f3venes especialistas en formaci\u00f3n, convirti\u00e9ndolo en un evento reconocido por su accesibilidad.<\/p>\n\n\n\n<p><strong>Con esta convocatoria, nos gustar\u00eda convocar el cuarto TAG Ib\u00e9rico en \u00c9vora, del 5 al 7 de febrero de 2026<\/strong>. Estamos abiertos a diversas sesiones tem\u00e1ticas, por lo que <strong>hasta el 15 de septiembre recibiremos propuestas<\/strong> de sesiones, con una duraci\u00f3n m\u00e1xima de 2 horas, en los siguientes formatos:<\/p>\n\n\n\n<ul class=\"wp-block-list\">\n<li><strong>Mesas de debate<\/strong><br>sesiones centradas en la discusi\u00f3n de un solo tema, con un ponente que dirige la discusi\u00f3n.<br>Sugerimos de 4 a 6 participantes y un relator. Cada participante tendr\u00e1 una intervenci\u00f3n inicial de 6 minutos, seguida de una gu\u00eda del debate entre los participantes, la apertura del mismo al p\u00fablico y una sinopsis final a cargo del relator.<\/li>\n<\/ul>\n\n\n\n<p><\/p>\n\n\n\n<ul class=\"wp-block-list\">\n<li><strong>Sesiones de coloquio<\/strong><br>Sesi\u00f3n tradicional con presentaciones de tiempo limitado relacionadas con un tema elegido para guiar la sesi\u00f3n.<\/li>\n<\/ul>\n\n\n\n<p><\/p>\n\n\n\n<ul class=\"wp-block-list\">\n<li><strong>Sesiones predistribuidas<\/strong><br>Sesiones centradas en el debate de un documento proporcionado con antelaci\u00f3n a los participantes.<\/li>\n<\/ul>\n\n\n\n<p>Las propuestas deben tener un t\u00edtulo y un resumen de hasta 300 palabras. Se invita a participar a colegas de Espa\u00f1a y Portugal. El idioma de participaci\u00f3n es el espa\u00f1ol o el portugu\u00e9s, idiomas oficiales de TAG IB\u00c9RICO. Si ya hay participantes programados o interesados en ser incluidos en las propuestas de sesiones, por favor, incluyan esta informaci\u00f3n en la propuesta. Las propuestas deben enviarse a <strong>tagiberico@gmail.com<\/strong>. Compartiremos las propuestas aceptadas y el programa final en unos d\u00edas.<\/p>\n\n\n\n<p><strong>Compartiremos actualizaciones en los pr\u00f3ximos meses a trav\u00e9s de nuestras redes sociales y sitio web. \u00a1Prepara tus propuestas de sesiones y \u00fanete a nosotros!<\/strong><\/p>\n\n\n\n<div style=\"height:100px\" aria-hidden=\"true\" class=\"wp-block-spacer\"><\/div>\n\n\n\n<figure class=\"wp-block-image size-large wp-duotone-grayscale\"><img loading=\"lazy\" decoding=\"async\" width=\"1024\" height=\"768\" src=\"https:\/\/tagiberico.org\/wp-content\/uploads\/2025\/07\/IMG_8828-1024x768.jpeg\" alt=\"\" class=\"wp-image-280\" srcset=\"https:\/\/tagiberico.org\/wp-content\/uploads\/2025\/07\/IMG_8828-1024x768.jpeg 1024w, https:\/\/tagiberico.org\/wp-content\/uploads\/2025\/07\/IMG_8828-300x225.jpeg 300w, https:\/\/tagiberico.org\/wp-content\/uploads\/2025\/07\/IMG_8828-768x576.jpeg 768w, https:\/\/tagiberico.org\/wp-content\/uploads\/2025\/07\/IMG_8828-1536x1152.jpeg 1536w, https:\/\/tagiberico.org\/wp-content\/uploads\/2025\/07\/IMG_8828-2048x1536.jpeg 2048w, https:\/\/tagiberico.org\/wp-content\/uploads\/2025\/07\/IMG_8828-1600x1200.jpeg 1600w\" sizes=\"auto, (max-width: 1024px) 100vw, 1024px\" \/><\/figure>\n","protected":false},"excerpt":{"rendered":"<p>[CERRADO] O TAG IB\u00c9RICO teve tr\u00eas edi\u00e7\u00f5es. Iniciando-se em Carmona em 2018, passou para Lisboa em 2018 e, ap\u00f3s um&hellip;<\/p>\n","protected":false},"author":2,"featured_media":0,"parent":0,"menu_order":0,"comment_status":"closed","ping_status":"closed","template":"","meta":{"footnotes":""},"class_list":["post-298","page","type-page","status-publish","hentry"],"_links":{"self":[{"href":"https:\/\/tagiberico.org\/index.php?rest_route=\/wp\/v2\/pages\/298","targetHints":{"allow":["GET"]}}],"collection":[{"href":"https:\/\/tagiberico.org\/index.php?rest_route=\/wp\/v2\/pages"}],"about":[{"href":"https:\/\/tagiberico.org\/index.php?rest_route=\/wp\/v2\/types\/page"}],"author":[{"embeddable":true,"href":"https:\/\/tagiberico.org\/index.php?rest_route=\/wp\/v2\/users\/2"}],"replies":[{"embeddable":true,"href":"https:\/\/tagiberico.org\/index.php?rest_route=%2Fwp%2Fv2%2Fcomments&post=298"}],"version-history":[{"count":4,"href":"https:\/\/tagiberico.org\/index.php?rest_route=\/wp\/v2\/pages\/298\/revisions"}],"predecessor-version":[{"id":311,"href":"https:\/\/tagiberico.org\/index.php?rest_route=\/wp\/v2\/pages\/298\/revisions\/311"}],"wp:attachment":[{"href":"https:\/\/tagiberico.org\/index.php?rest_route=%2Fwp%2Fv2%2Fmedia&parent=298"}],"curies":[{"name":"wp","href":"https:\/\/api.w.org\/{rel}","templated":true}]}}