{"id":295,"date":"2025-07-21T10:46:03","date_gmt":"2025-07-21T10:46:03","guid":{"rendered":"https:\/\/tagiberico.org\/?page_id=295"},"modified":"2025-07-26T15:08:05","modified_gmt":"2025-07-26T15:08:05","slug":"tagi26-evora","status":"publish","type":"page","link":"https:\/\/tagiberico.org\/?page_id=295","title":{"rendered":"TAGi26 \u00c9vora"},"content":{"rendered":"\n<p>#TAGi26 \u00c9VORA &#8211; <strong>5 a 7 de Fevereiro de 2026<\/strong><\/p>\n\n\n\n<p>Ap\u00f3s o hiato provocado pela pandemia e a realiza\u00e7\u00e3o do terceiro congresso em Seg\u00f3via em 2024, regressamos ao calend\u00e1rio bianual com a quarta edi\u00e7\u00e3o do TAG Ib\u00e9rico em \u00c9vora (Portugal). Isto consolida um evento que come\u00e7ou com grande for\u00e7a em 2018 e, para al\u00e9m de dar continuidade ao seu objetivo de criar um espa\u00e7o de di\u00e1logo sobre teoria arqueol\u00f3gica entre Espanha e Portugal, continua a disseminar a import\u00e2ncia de incluir a reflex\u00e3o te\u00f3rica em todas as \u00e1reas do nosso trabalho.<\/p>\n\n\n\n<p>\u00c9vora j\u00e1 se candidatou em Lisboa para acolher este quarto encontro e, finalmente, temos a oportunidade de o tornar realidade. O encontro decorrer\u00e1 entre os dias 5 e 7 de Fevereiro, na Escola de Ci\u00eancias Sociais da Universidade de \u00c9vora. V\u00e1rios detalhes sobre o programa geral ser\u00e3o definidos ap\u00f3s a rece\u00e7\u00e3o de propostas, mas est\u00e1 garantida a exist\u00eancia da sess\u00e3o <em>golfa<\/em> no dia 6 \u00e0 noite. Teremos eventos no decorrer do congresso na Escola e em v\u00e1rios pontos de \u00c9vora.<\/p>\n\n\n\n<p>Os valores de inscri\u00e7\u00e3o ser\u00e3o diferenciados, consoante se tratem da tarifa geral (50\u20ac) ou reduzida (20\u20ac). Esta incluir\u00e1 as pausas para caf\u00e9, o almo\u00e7o de sexta e s\u00e1bado (dias 6 e 7) e a sess\u00e3o <em>golfa<\/em>. Mais informa\u00e7\u00f5es ser\u00e3o disponibilizadas ap\u00f3s a rece\u00e7\u00e3o e aceita\u00e7\u00e3o de propostas de sess\u00e3o.<\/p>\n\n\n\n<hr class=\"wp-block-separator has-alpha-channel-opacity\"\/>\n\n\n\n<p>#TAGi26 \u00c9VORA &#8211; <strong>5 a 7 de febrero de 2026<\/strong><\/p>\n\n\n\n<p>Tras el par\u00f3n por la pandemia y la celebraci\u00f3n del tercer congreso en Segovia en 2024, volvemos al calendario bianual con la cuarta edici\u00f3n del TAG ib\u00e9rico en \u00c9vora (Portugal). De este modo se consolida un evento que nace con fuerza en 2018 y que, adem\u00e1s de continuar con su objetivo de crear un espacio de di\u00e1logo sobre teor\u00eda arqueol\u00f3gica entre Espa\u00f1a y Portugal, contin\u00faa difundiendo la importancia de incluir la reflexi\u00f3n te\u00f3rica en todos los \u00e1mbitos de nuestro trabajo.<\/p>\n\n\n\n<p>\u00c9vora se postul\u00f3 ya en Lisboa para acoger este cuarto encuentro y, por fin, tenemos la posibilidad de hacerlo realidad. La reuni\u00f3n se celebrar\u00e1 del 5 al 7 de febrero en la Facultad de Ciencias Sociales de la Universidad de \u00c9vora. Se definir\u00e1n algunos detalles del programa general tras la recepci\u00f3n de las propuestas, pero se garantiza una sesi\u00f3n de golf para la noche del d\u00eda 6. Se celebrar\u00e1n eventos durante la conferencia en la Facultad y en diversos lugares de \u00c9vora.<\/p>\n\n\n\n<p>El precio de la inscripci\u00f3n variar\u00e1 seg\u00fan se incluya la tarifa general (50\u20ac) o la reducida (20\u20ac). Esta incluir\u00e1 las pausas para el caf\u00e9, los almuerzos del viernes y s\u00e1bado (d\u00edas 6 y 7) y la sesi\u00f3n de golf. Se proporcionar\u00e1 m\u00e1s informaci\u00f3n tras la recepci\u00f3n y aceptaci\u00f3n de las propuestas.<\/p>\n\n\n\n<div style=\"height:100px\" aria-hidden=\"true\" class=\"wp-block-spacer\"><\/div>\n\n\n\n<figure class=\"wp-block-image size-large\"><img loading=\"lazy\" decoding=\"async\" width=\"768\" height=\"1024\" src=\"https:\/\/tagiberico.org\/wp-content\/uploads\/2025\/07\/IMG_8704-768x1024.jpeg\" alt=\"\" class=\"wp-image-277\" srcset=\"https:\/\/tagiberico.org\/wp-content\/uploads\/2025\/07\/IMG_8704-768x1024.jpeg 768w, https:\/\/tagiberico.org\/wp-content\/uploads\/2025\/07\/IMG_8704-225x300.jpeg 225w, https:\/\/tagiberico.org\/wp-content\/uploads\/2025\/07\/IMG_8704-1152x1536.jpeg 1152w, https:\/\/tagiberico.org\/wp-content\/uploads\/2025\/07\/IMG_8704-1536x2048.jpeg 1536w, https:\/\/tagiberico.org\/wp-content\/uploads\/2025\/07\/IMG_8704-1600x2133.jpeg 1600w, https:\/\/tagiberico.org\/wp-content\/uploads\/2025\/07\/IMG_8704-scaled.jpeg 1920w\" sizes=\"auto, (max-width: 768px) 100vw, 768px\" \/><\/figure>\n\n\n\n<div style=\"height:100px\" aria-hidden=\"true\" class=\"wp-block-spacer\"><\/div>\n\n\n\n<p><strong>Comiss\u00e3o Organizadora \/ Comit\u00e9 Organizador<\/strong><\/p>\n\n\n\n<p>Leonor Rocha<br>Gertrudes Branco<br>Nelson J. Almeida<br>Jaime Almansa S\u00e1nchez<\/p>\n\n\n\n<p><strong>Secretaria e apoio \/ Secretariado y apoyo<\/strong><\/p>\n\n\n\n<p>Ant\u00f3nio Diniz<br>Catarina Guinot<br>In\u00eas Ribeiro<\/p>\n\n\n\n<p><strong>Comiss\u00e3o Cient\u00edfica \/ Comit\u00e9 Cient\u00edfico<\/strong><\/p>\n\n\n\n<p>Ignacio Rodr\u00edguez-Temi\u00f1o, Junta de Andaluc\u00eda (Carmona 2018)<br>Marina Diniz, Centro de Arqueologia da Universidade de\u00a0<em>Lisboa<\/em> (Lisboa 2020)<br>Francisco B. Gomes, Centro de Arqueologia da Universidade de\u00a0<em>Lisboa<\/em> (Lisboa 2020)<br>Alberto Polo-Romero, Universidad Rey Juan Carlos (Segovia 2024)<br>T\u00e2nia M. Casimiro, University of Stirling<br>Sergio Gomes, C\u00e2mara Municipal do Porto<br>Ana Vale, Universidade do Porto<br>Beatriz Mar\u00edn-Aguilera, University of Liverpool<br>Sergio Escribano-Ruiz, Euskal Herriko Unibersitatea<br>Raquel Liceras-Garrido, Universidad Complutense de Madrid<\/p>\n\n\n\n<p><strong>Patrocinadores<\/strong><\/p>\n\n\n\n<p>Universidade de \u00c9vora \/ Centro CHAIA \/ Grupo In2Past \/ JAS Arqueolog\u00eda<\/p>\n\n\n<div class=\"wp-block-image\">\n<figure class=\"alignleft size-large\"><img loading=\"lazy\" decoding=\"async\" width=\"1024\" height=\"145\" src=\"https:\/\/tagiberico.org\/wp-content\/uploads\/2025\/07\/LogosTAGi26-1024x145.png\" alt=\"\" class=\"wp-image-296\" srcset=\"https:\/\/tagiberico.org\/wp-content\/uploads\/2025\/07\/LogosTAGi26-1024x145.png 1024w, https:\/\/tagiberico.org\/wp-content\/uploads\/2025\/07\/LogosTAGi26-300x42.png 300w, https:\/\/tagiberico.org\/wp-content\/uploads\/2025\/07\/LogosTAGi26-768x108.png 768w, https:\/\/tagiberico.org\/wp-content\/uploads\/2025\/07\/LogosTAGi26-1536x217.png 1536w, https:\/\/tagiberico.org\/wp-content\/uploads\/2025\/07\/LogosTAGi26-1600x226.png 1600w, https:\/\/tagiberico.org\/wp-content\/uploads\/2025\/07\/LogosTAGi26.png 1650w\" sizes=\"auto, (max-width: 1024px) 100vw, 1024px\" \/><\/figure>\n<\/div>\n\n\n<p><\/p>\n","protected":false},"excerpt":{"rendered":"<p>#TAGi26 \u00c9VORA &#8211; 5 a 7 de Fevereiro de 2026 Ap\u00f3s o hiato provocado pela pandemia e a realiza\u00e7\u00e3o do&hellip;<\/p>\n","protected":false},"author":2,"featured_media":0,"parent":0,"menu_order":0,"comment_status":"closed","ping_status":"closed","template":"","meta":{"footnotes":""},"class_list":["post-295","page","type-page","status-publish","hentry"],"_links":{"self":[{"href":"https:\/\/tagiberico.org\/index.php?rest_route=\/wp\/v2\/pages\/295","targetHints":{"allow":["GET"]}}],"collection":[{"href":"https:\/\/tagiberico.org\/index.php?rest_route=\/wp\/v2\/pages"}],"about":[{"href":"https:\/\/tagiberico.org\/index.php?rest_route=\/wp\/v2\/types\/page"}],"author":[{"embeddable":true,"href":"https:\/\/tagiberico.org\/index.php?rest_route=\/wp\/v2\/users\/2"}],"replies":[{"embeddable":true,"href":"https:\/\/tagiberico.org\/index.php?rest_route=%2Fwp%2Fv2%2Fcomments&post=295"}],"version-history":[{"count":4,"href":"https:\/\/tagiberico.org\/index.php?rest_route=\/wp\/v2\/pages\/295\/revisions"}],"predecessor-version":[{"id":309,"href":"https:\/\/tagiberico.org\/index.php?rest_route=\/wp\/v2\/pages\/295\/revisions\/309"}],"wp:attachment":[{"href":"https:\/\/tagiberico.org\/index.php?rest_route=%2Fwp%2Fv2%2Fmedia&parent=295"}],"curies":[{"name":"wp","href":"https:\/\/api.w.org\/{rel}","templated":true}]}}