{"id":249,"date":"2024-01-22T17:41:44","date_gmt":"2024-01-22T17:41:44","guid":{"rendered":"https:\/\/tagiberico.org\/?page_id=249"},"modified":"2024-02-07T18:04:50","modified_gmt":"2024-02-07T18:04:50","slug":"programa-tagi24","status":"publish","type":"page","link":"https:\/\/tagiberico.org\/?page_id=249","title":{"rendered":"Programa TAGi24"},"content":{"rendered":"\n<p><em>*Programa provisional \/ Programa provis\u00f3rio 21\/01\/24<\/em><\/p>\n\n\n\n<p><strong>El TAG ib\u00e9rico de 2024 tendr\u00e1 lugar en Segovia entre los d\u00edas 8 y 10 de febrero. La apertura tendr\u00e1 lugar el jueves 8 por la tarde en el Teatro Juan Bravo y las mesas se suceder\u00e1n en el Museo de Segovia los d\u00edas 9 y 10. \/ O TAG ib\u00e9rico 2024 ter\u00e1 lugar em Seg\u00f3via entre 8 e 10 de fevereiro. A abertura acontecer\u00e1 na quinta-feira, dia 8 \u00e0 tarde, no Teatro Juan Bravo e as mesas acontecer\u00e3o no Museu de Seg\u00f3via nos dias 9 e 10.<\/strong><\/p>\n\n\n\n<hr class=\"wp-block-separator has-alpha-channel-opacity\"\/>\n\n\n\n<p class=\"has-text-align-center has-quinary-color has-primary-background-color has-text-color has-background has-link-color wp-elements-6bcee2e81a67d3a8d2c636e165fa7280\"><a href=\"https:\/\/forms.gle\/xDL8U1AYWaqGHe6E8\" data-type=\"link\" data-id=\"https:\/\/forms.gle\/xDL8U1AYWaqGHe6E8\" target=\"_blank\" rel=\"noreferrer noopener\">Inscripci\u00f3n \/ Ins<\/a><a href=\"https:\/\/forms.gle\/xDL8U1AYWaqGHe6E8\" data-type=\"link\" data-id=\"https:\/\/forms.gle\/xDL8U1AYWaqGHe6E8\">cri\u00e7\u00e3o<\/a> <\/p>\n\n\n\n<p class=\"has-primary-color has-text-color has-link-color has-small-font-size wp-elements-a124620bb4078c8ab97e7fc2b3ed0d72\"><em>Por favor, para organizarnos bien, inscr\u00edbete antes del 4 de febrero \/ Por favor, para nos organizar bem, inscreva-se antes de 4 de fevereiro.<\/em><\/p>\n\n\n\n<hr class=\"wp-block-separator has-alpha-channel-opacity\"\/>\n\n\n\n<p class=\"has-text-align-center has-tertiary-background-color has-background\"><strong><a href=\"https:\/\/tagiberico.org\/wp-content\/uploads\/2024\/02\/TAGi24_Programa_v240206.pdf\" data-type=\"link\" data-id=\"https:\/\/tagiberico.org\/wp-content\/uploads\/2024\/02\/TAGi24_Programa_v240206.pdf\" target=\"_blank\" rel=\"noreferrer noopener\">Descarga el programa definitivo<\/a><\/strong><\/p>\n\n\n\n<p class=\"has-small-font-size\"><em>*06\/02\/24<\/em><\/p>\n\n\n\n<hr class=\"wp-block-separator has-alpha-channel-opacity\"\/>\n\n\n\n<p class=\"has-primary-color has-text-color has-link-color wp-elements-57c57cef4f2a1caceb69004a071192bb\"><strong>Jueves \/ Quinta-feira 08\/02\/24<\/strong><\/p>\n\n\n\n<p><strong>18:00 &#8211; Teatro Juan Bravo (Plaza Mayor, 9)<\/strong><\/p>\n\n\n\n<p>Presentaci\u00f3n<\/p>\n\n\n\n<p><em>Di\u00e1logos arqueol\u00f3gicos<\/em>, con Marga S\u00e1nchez-Romero y Felipe Criado-Boado (conduce Jaime Almansa-S\u00e1nchez).<\/p>\n\n\n\n<p><em>La magia de las mentes materiales. C\u00f3mo utilizamos la neurociencia para comprender mejor la forma en que construimos el mundo<\/em>. Charla con magia, con Luis M. Mart\u00ednez-Otero.<\/p>\n\n\n\n<p>*Esta jornada tendr\u00e1 car\u00e1cter abierto y todo el mundo que quiera est\u00e1 invitado a venir hasta cubrir el aforo del teatro.<\/p>\n\n\n\n<p class=\"has-primary-color has-text-color has-link-color wp-elements-63b22f7f003d0fa63fa83bdbdaf95869\"><strong>Viernes \/ Sexta-feira 09\/02\/24<\/strong><\/p>\n\n\n\n<p><strong>9:00 \/ 19:30 &#8211; Museo de Segovia (Calle del Socorro, 11)<\/strong><\/p>\n\n\n\n<p>9:00 &#8211; <strong>Entre Objetos y Sujetos: Materialidad y Agencia Individual en la Prehistoria Reciente<\/strong><\/p>\n\n\n\n<p>Luc\u00eda Ruano-Posada (0rganiza); Rodrigo Paulos-bravo (Organiza); Raquel Liceras-Garrido (Organiza\/Relata); Xurxo Ay\u00e1n-Vila; Juan Jes\u00fas Padilla-Fern\u00e1ndez<\/p>\n\n\n\n<p>11:00 &#8211; Caf\u00e9<\/p>\n\n\n\n<p>11:30 &#8211; <strong>Valoraci\u00f3n econ\u00f3mica de bienes arqueol\u00f3gicos en procedimientos administrativos y judiciales<\/strong><\/p>\n\n\n\n<p>Ana Y\u00e1\u00f1ez (Organiza); Ignacio Rodr\u00edguez-Temi\u00f1o (Organiza); Juan Mart\u00edn; Carolina Rius; Maribel Mancilla; Javier Garc\u00eda-Ferragud; Jaime Almansa-S\u00e1nchez (Relata)<\/p>\n\n\n\n<p>13:30 &#8211; Comida (Restaurante San Miguel, C\/ Infanta Isabel 6)<\/p>\n\n\n\n<p>15:00 &#8211; <strong>(Re)Pensar los Paisajes. Una mirada a los nuevos y viejos paradigmas y su papel en la Arqueolog\u00eda del Territorio en el siglo XXI<\/strong><\/p>\n\n\n\n<p>David Garc\u00eda-Casas (Organiza\/Relata); Ana G. San Mart\u00edn; Andr\u00e9s Men\u00e9ndez-Blanco; Mikel D\u00edaz-Rodr\u00edguez; Josu Narbate; Xurxo Ay\u00e1n-Vila; V\u00edctor Caballero-Mart\u00edn<\/p>\n\n\n\n<p>17:00 &#8211; Caf\u00e9<\/p>\n\n\n\n<p>17:30 &#8211; <strong>M\u00e1s all\u00e1 de las villae: otras formas de poblamiento rural en la transici\u00f3n del periodo romano al medieval<\/strong><\/p>\n\n\n\n<p>Leticia Tobalina-Pulido (Organiza); Celtia Rodr\u00edguez-Gonz\u00e1lez (Organiza\/Relta); Jos\u00e9 Mar\u00eda Moreno-Narganes; Francisco Reyes-T\u00e9llez; Ra\u00fal Mart\u00edn-Vela; David Garc\u00eda-Casas; Santiago Mart\u00ednez-Caballero<\/p>\n\n\n\n<p>20:30 &#8211; <strong>Sesi\u00f3n golfa: Arqueolog\u00eda de un simulacro: excavando el decorado de Golden City<\/strong> (con Jes\u00fas Mart\u00edn-Alonso) &#8211; Bar Las Arquetas (C\/ Angosta 1)<\/p>\n\n\n\n<p>*Incluye una consumici\u00f3n y algo de comer<\/p>\n\n\n\n<p>S\u00e1bado 10\/02\/24<\/p>\n\n\n\n<p>9:00 \/ 19:30 &#8211; Museo de Segovia (Calle del Socorro, 11)<\/p>\n\n\n\n<p>9:00 &#8211; <strong>Enfrentando la Complejidad de los Datos Arqueol\u00f3gicos: Un Di\u00e1logo sobre posibles retos y soluciones<\/strong><\/p>\n\n\n\n<p>Sonia Medina-Gordo (Organiza); Leticia Tobalina-Publido (Organiza\/Relata); Miguel J. Crespo-Santiago; Mikel D\u00edaz-Rodr\u00edguez; Alfred Mauri-Mart\u00ed; Esther Trav\u00e9-Allepuz<\/p>\n\n\n\n<p>11:00 &#8211; Caf\u00e9<\/p>\n\n\n\n<p>11:30 &#8211; <strong>De lo local a lo comunitario. Investigaci\u00f3n, gesti\u00f3n y divulgaci\u00f3n del patrimonio arqueol\u00f3gico en el medio rural<\/strong><\/p>\n\n\n\n<p>Alberto Polo-Romero (Organiza\/Relata); Daniel P\u00e9rez-Legido; Ra\u00fal Mart\u00edn-Vela; Santiago Mart\u00ednez-Caballero; Jos\u00e9 Miguel Labrador-Vielba<\/p>\n\n\n\n<p>13:30 &#8211; Comida (Restaurante San Miguel, C\/ Infanta Isabel 6)<\/p>\n\n\n\n<p>15:00 &#8211; <strong>A contribui\u00e7\u00e3o da Avalia\u00e7\u00e3o de Impacte Patrimonial para o desenvolvimento sustent\u00e1vel do Patrim\u00f3nio Cultural<\/strong><\/p>\n\n\n\n<p>Gertrudes Branco (Organiza); Leonor Rocha (Organiza); \u00c1ngel Astorqui; Carlos Caballero; Monica Bousso; N\u00e9lson J. Almeida (Relata)<\/p>\n\n\n\n<p>17:00 &#8211; Caf\u00e9<\/p>\n\n\n\n<p>17:30 &#8211; <strong>Un oasis en el desierto: El desarrollo de la Arqueolog\u00eda de G\u00e9nero en el contexto Ib\u00e9rico<\/strong><\/p>\n\n\n\n<p>Celtia Rodr\u00edguez-Gonz\u00e1lez (Organiza\/Relata); Andrea Mouri\u00f1o-Schik; Raquel Liceras-Garrido; Jos\u00e9 M. Moreno-Narganez; Marcos Garc\u00eda-Garc\u00eda; El\u00edas Carballido-Gonz\u00e1lez; Carmen Ruiz-Vivas<\/p>\n\n\n\n<p>19:30 &#8211; Despedida<\/p>\n\n\n\n<p class=\"has-primary-color has-text-color has-link-color wp-elements-f53d0f2000e7e509d3e7c91eff2b425b\"><\/p>\n\n\n\n<p><strong><br><br><\/strong><\/p>\n","protected":false},"excerpt":{"rendered":"<p>*Programa provisional \/ Programa provis\u00f3rio 21\/01\/24 El TAG ib\u00e9rico de 2024 tendr\u00e1 lugar en Segovia entre los d\u00edas 8 y&hellip;<\/p>\n","protected":false},"author":2,"featured_media":0,"parent":0,"menu_order":0,"comment_status":"closed","ping_status":"closed","template":"","meta":{"footnotes":""},"class_list":["post-249","page","type-page","status-publish","hentry"],"_links":{"self":[{"href":"https:\/\/tagiberico.org\/index.php?rest_route=\/wp\/v2\/pages\/249","targetHints":{"allow":["GET"]}}],"collection":[{"href":"https:\/\/tagiberico.org\/index.php?rest_route=\/wp\/v2\/pages"}],"about":[{"href":"https:\/\/tagiberico.org\/index.php?rest_route=\/wp\/v2\/types\/page"}],"author":[{"embeddable":true,"href":"https:\/\/tagiberico.org\/index.php?rest_route=\/wp\/v2\/users\/2"}],"replies":[{"embeddable":true,"href":"https:\/\/tagiberico.org\/index.php?rest_route=%2Fwp%2Fv2%2Fcomments&post=249"}],"version-history":[{"count":13,"href":"https:\/\/tagiberico.org\/index.php?rest_route=\/wp\/v2\/pages\/249\/revisions"}],"predecessor-version":[{"id":269,"href":"https:\/\/tagiberico.org\/index.php?rest_route=\/wp\/v2\/pages\/249\/revisions\/269"}],"wp:attachment":[{"href":"https:\/\/tagiberico.org\/index.php?rest_route=%2Fwp%2Fv2%2Fmedia&parent=249"}],"curies":[{"name":"wp","href":"https:\/\/api.w.org\/{rel}","templated":true}]}}