{"id":237,"date":"2023-12-19T17:57:19","date_gmt":"2023-12-19T17:57:19","guid":{"rendered":"https:\/\/tagiberico.org\/?page_id=237"},"modified":"2024-01-09T18:16:55","modified_gmt":"2024-01-09T18:16:55","slug":"call-for-sessions-tagi24","status":"publish","type":"page","link":"https:\/\/tagiberico.org\/?page_id=237","title":{"rendered":"Call for sessions TAGi24"},"content":{"rendered":"\n<p class=\"has-secondary-color has-text-color has-link-color wp-elements-5f93e1a3f74c1e8969cfdd42ca5652f5\"><strong>*Deadline ampliado: 15 de enero\/janeiro<\/strong><\/p>\n\n\n\n<p>Hace casi cuatro a\u00f1os desped\u00edamos el segundo TAG ib\u00e9rico en Lisboa al borde de una pandemia global que trastoc\u00f3 profundamente nuestras vidas. Hab\u00edamos programado para 2022 el tercer encuentro en Segovia, pero la incertidumbre del momento nos llev\u00f3 a cancelar los planes. Ya cansados de los eventos online, especialmente porque este encuentro solo tiene sentido en persona, decidimos no buscar una alternativa digital. El tiempo pas\u00f3, todo se aceler\u00f3 y no podemos dejar pasar otro a\u00f1o sin intentar reunirnos.<\/p>\n\n\n\n<p>Por ello, <strong>con este mensaje queremos convocar el tercer TAG ib\u00e9rico en Segovia, los d\u00edas 8 a 10 de febrero de 2024<\/strong>. Somos conscientes de que el tiempo es corto, pero se trata de una ventana de oportunidad que no podemos dejar pasar. Para contrarrestar la premura, este a\u00f1o vamos a dar un paso adelante en el formato, potenciando el di\u00e1logo con un programa centrado solo en mesas redondas.<\/p>\n\n\n\n<p><strong>Hasta el d\u00eda <s>10 de enero<\/s> <mark style=\"background-color:rgba(0, 0, 0, 0)\" class=\"has-inline-color has-secondary-color\">15 de enero<\/mark> recibiremos propuestas<\/strong> de sesiones que tendr\u00e1n el siguiente formato:<\/p>\n\n\n\n<ul class=\"wp-block-list\">\n<li>Cada mesa contar\u00e1 con entre 4 y 6 participantes y una relator\u00eda.<\/li>\n\n\n\n<li>Cada participante tendr\u00e1 una posici\u00f3n de partida de 6 minutos sobre el tema general de la mesa.<\/li>\n\n\n\n<li>La persona encargada de la relator\u00eda har\u00e1 una sinopsis de lo dicho en 10 minutos y orientar\u00e1 el debate posterior.<\/li>\n\n\n\n<li>Tras una primera tanda de intervenciones de la mesa de en torno a 30 minutos, el resto de la sesi\u00f3n se abrir\u00e1 a la audiencia.<\/li>\n\n\n\n<li>Las intervenciones del debate abierto tendr\u00e1n una extensi\u00f3n de un m\u00e1ximo de 90 segundos cada una.<\/li>\n<\/ul>\n\n\n\n<p>Las propuestas enviadas tendr\u00e1n un t\u00edtulo, un resumen de hasta 300 palabras y la participaci\u00f3n asegurada de 4 personas m\u00e1s la relator\u00eda. Se agradecer\u00e1 representaci\u00f3n tanto de Espa\u00f1a como de Portugal y el idioma podr\u00e1 ser indistintamente espa\u00f1ol o portugu\u00e9s.<\/p>\n\n\n\n<p>La recepci\u00f3n de las propuestas se har\u00e1 hasta el 10 de enero en el correo electr\u00f3nico <a href=\"mailto:tagiberico@gmail.com\">tagiberico@gmail.com<\/a> y compartiremos las propuestas aceptadas con el programa definitivo unos d\u00edas despu\u00e9s.<\/p>\n\n\n\n<p>Por adelantar algo de informaci\u00f3n mientras anunciamos otros detalles, el encuentro comenzar\u00e1 el jueves 8 de febrero por la tarde con una sesi\u00f3n abierta al p\u00fablico y se extender\u00e1 al viernes 9 y s\u00e1bado 10. Como siempre, contaremos con una sesi\u00f3n golfa el viernes 9 por la noche y, si el tiempo lo permite, intentaremos organizar alguna peque\u00f1a visita de inter\u00e9s en la ciudad.<\/p>\n\n\n\n<p>La inscripci\u00f3n ser\u00e1 de 45 euros (general) y 25 euros (reducida), e incluir\u00e1 los caf\u00e9s, la comida del viernes y el s\u00e1bado, y el picoteo de la sesi\u00f3n golfa. Compartiremos las instrucciones tras la recepci\u00f3n y aceptaci\u00f3n de propuestas.<\/p>\n\n\n\n<p>Estamos preparando una convocatoria de becas para estudiantes que cubran inscripci\u00f3n y alojamiento (anunciaremos los requisitos m\u00e1s adelante) y estamos preparando otras sorpresas.<\/p>\n\n\n\n<p>Por el momento, lo importante es correr la voz. \u00a1El TAG ib\u00e9rico vuelve! Prestad atenci\u00f3n a nuestras redes sociales y la p\u00e1gina web y, sobre todo, \u00a1preparad vuestras propuestas!<\/p>\n\n\n\n<hr class=\"wp-block-separator has-alpha-channel-opacity\"\/>\n\n\n\n<p>H\u00e1 quase quatro anos desped\u00edamos-nos, em Lisboa, do segundo TAG ib\u00e9rico, realizado em Lisboa, num contexto de uma pandemia global que afetou profundamente as nossas vidas. T\u00ednhamos programado o terceiro encontro em Seg\u00f3via para 2022, mas a incerteza do momento levou-nos a cancelar os planos. J\u00e1 cansados dos eventos online, especialmente porque este encontro s\u00f3 tem sentido de forma presencial, decidimos n\u00e3o optar por uma alternativa digital. O tempo passou, tudo acelerou, e n\u00e3o podemos deixar passar outro ano sem tentar de nos reunir. <\/p>\n\n\n\n<p>Por isso, com esta mensagem, queremos convocar o terceiro TAG ib\u00e9rico em Seg\u00f3via, de 8 a 10 de fevereiro de 2024. Estamos cientes que o tempo \u00e9 curto, mas \u00e9 uma oportunidade que n\u00e3o podemos deixar escapar. N\u00e3o obstante, este ano daremos um passo \u00e0 frente no formato, promovendo o di\u00e1logo, com um programa focado apenas em mesas redondas. At\u00e9 <s>10 de janeiro<\/s> <mark style=\"background-color:rgba(0, 0, 0, 0)\" class=\"has-inline-color has-secondary-color\">15 de janeiro<\/mark>, receberemos propostas de sess\u00f5es com o seguinte formato:<\/p>\n\n\n\n<ul class=\"wp-block-list\">\n<li>Cada mesa ter\u00e1 entre 4 e 6 participantes e um moderador.<\/li>\n\n\n\n<li>Cada participante ter\u00e1 inicialmente 6 minutos sobre o tema geral da mesa.<\/li>\n\n\n\n<li>O moderador far\u00e1 uma sinopse de 10 minutos das exposi\u00e7\u00f5es e orientar\u00e1 o debate posterior.<\/li>\n\n\n\n<li>Ap\u00f3s a primeira ronda de interven\u00e7\u00f5es da mesa, com cerca de 30 minutos, a sess\u00e3o ser\u00e1 aberta \u00e0 audi\u00eancia.<\/li>\n\n\n\n<li>No debate aberto, cada interven\u00e7\u00e3o ter\u00e1 uma dura\u00e7\u00e3o m\u00e1xima de 90 segundos.<\/li>\n<\/ul>\n\n\n\n<p>As propostas enviadas devem ter um t\u00edtulo, um resumo m\u00e1ximo de 300 palavras e a participa\u00e7\u00e3o de 4 pessoas, al\u00e9m do moderador. Ser\u00e1 apreciada representa\u00e7\u00e3o tanto de Espanha como de Portugal, e o idioma poder\u00e1 ser espanhol ou portugu\u00eas. <\/p>\n\n\n\n<p>As propostas ser\u00e3o recebidas at\u00e9 10 de janeiro no seguinte e-mail: <a href=\"mailto:tagiberico@gmail.com\">tagiberico@gmail.com<\/a>. Informaremos quais ser\u00e3o as propostas aceites, juntamente com o programa definitivo. <\/p>\n\n\n\n<p>Para adiantar alguma informa\u00e7\u00e3o enquanto anunciamos outros detalhes, o encontro &nbsp;ter\u00e1 inicio na tarde de quinta-feira, 8 de Fevereiro, com uma sess\u00e3o aberta ao p\u00fablico, estendendo-se at\u00e9 s\u00e1bado, 10 de Fevereiro. Como sempre, teremos uma sess\u00e3o informal na noite de sexta-feira, e se o tempo permitir, tentaremos organizar uma pequena visita pela cidade. <\/p>\n\n\n\n<p>A inscri\u00e7\u00e3o ser\u00e1 de 45 euros (geral) e 25 euros (reduzida), incluindo caf\u00e9s, almo\u00e7o de sexta e s\u00e1bado, e aperitivos da sess\u00e3o informal. Partilharemos as instru\u00e7\u00f5es ap\u00f3s o receber e aceitar as propostas. <\/p>\n\n\n\n<p>Estamos a prepar uma convocat\u00f3ria de bolsas para estudantes que cubram inscri\u00e7\u00e3o e alojamento (anunciaremos os requisitos posteriormente) e estamos a preparar outras surpresas. <\/p>\n\n\n\n<p>Por enquanto, o importante \u00e9 espalhar a not\u00edcia. O TAG ib\u00e9rico est\u00e1 de volta! Fiquem atentos \u00e0s nossas redes sociais e ao site e, acima de tudo, preparem as suas propostas!<\/p>\n","protected":false},"excerpt":{"rendered":"<p>*Deadline ampliado: 15 de enero\/janeiro Hace casi cuatro a\u00f1os desped\u00edamos el segundo TAG ib\u00e9rico en Lisboa al borde de una&hellip;<\/p>\n","protected":false},"author":2,"featured_media":0,"parent":0,"menu_order":0,"comment_status":"closed","ping_status":"closed","template":"","meta":{"footnotes":""},"class_list":["post-237","page","type-page","status-publish","hentry"],"_links":{"self":[{"href":"https:\/\/tagiberico.org\/index.php?rest_route=\/wp\/v2\/pages\/237","targetHints":{"allow":["GET"]}}],"collection":[{"href":"https:\/\/tagiberico.org\/index.php?rest_route=\/wp\/v2\/pages"}],"about":[{"href":"https:\/\/tagiberico.org\/index.php?rest_route=\/wp\/v2\/types\/page"}],"author":[{"embeddable":true,"href":"https:\/\/tagiberico.org\/index.php?rest_route=\/wp\/v2\/users\/2"}],"replies":[{"embeddable":true,"href":"https:\/\/tagiberico.org\/index.php?rest_route=%2Fwp%2Fv2%2Fcomments&post=237"}],"version-history":[{"count":4,"href":"https:\/\/tagiberico.org\/index.php?rest_route=\/wp\/v2\/pages\/237\/revisions"}],"predecessor-version":[{"id":247,"href":"https:\/\/tagiberico.org\/index.php?rest_route=\/wp\/v2\/pages\/237\/revisions\/247"}],"wp:attachment":[{"href":"https:\/\/tagiberico.org\/index.php?rest_route=%2Fwp%2Fv2%2Fmedia&parent=237"}],"curies":[{"name":"wp","href":"https:\/\/api.w.org\/{rel}","templated":true}]}}