{"id":142,"date":"2019-04-02T19:37:58","date_gmt":"2019-04-02T19:37:58","guid":{"rendered":"https:\/\/tagiberico.org\/?page_id=142"},"modified":"2019-04-03T14:22:18","modified_gmt":"2019-04-03T14:22:18","slug":"call-for-sessions-tagi20","status":"publish","type":"page","link":"https:\/\/tagiberico.org\/?page_id=142","title":{"rendered":"Call for sessions TAGi20"},"content":{"rendered":"\n<div class=\"wp-block-file aligncenter\"><a href=\"https:\/\/tagiberico.org\/wp-content\/uploads\/2019\/04\/PrimeiraCircularTAG2020.pdf\">PDF<\/a><a href=\"https:\/\/tagiberico.org\/wp-content\/uploads\/2019\/04\/PrimeiraCircularTAG2020.pdf\" class=\"wp-block-file__button\" download>Download<\/a><\/div>\n\n\n\n<hr class=\"wp-block-separator\"\/>\n\n\n\n<p><\/p>\n\n\n\n<p>A segunda edi\u00e7\u00e3o do TAG Ib\u00e9rico ter\u00e1 lugar em <strong>Lisboa entre 13 e 15 de Fevereiro de 2020<\/strong>, pretendendo servir como um ponto de encontro e um f\u00f3rum para a discuss\u00e3o franca e aberta de todos os aspectos do pensamento e da agenda arqueol\u00f3gica a partir de uma perspectiva centrada na experi\u00eancia ib\u00e9rica.<\/p>\n\n\n\n<p>Nesse sentido, esta reuni\u00e3o organizar-se-\u00e1 em torno a sess\u00f5es\ntem\u00e1ticas correspondendo a uma de tr\u00eas tipologias distintas:<\/p>\n\n\n\n<ul class=\"wp-block-list\"><li><em>Sess\u00f5es-col\u00f3quio: <\/em>sess\u00f5es tradicionais, em que cada um dos participantes dispor\u00e1 de 10 a 20 minutos para apresentar uma interven\u00e7\u00e3o\/comunica\u00e7\u00e3o relacionada com o tema da sess\u00e3o;<\/li><li><em>Mesas-redondas<\/em>: sess\u00f5es de debate aberto em torno ao tema proposto pelos organizadores, que actuar\u00e3o tamb\u00e9m como animadores e moderadores;<\/li><li><em>Sess\u00f5es pr\u00e9-circuladas<\/em>: sess\u00f5es de debate em torno de um documento tem\u00e1tico previamente disponibilizado aos participantes pelos organizadores.<\/li><\/ul>\n\n\n\n<p>Contamos com a participa\u00e7\u00e3o de todas e todos para assegurar a\npluralidade de perspectivas durante estas jornadas, nas quais gostar\u00edamos de\nver reflectida a diversidade e o car\u00e1cter vibrante do pensamento arqueol\u00f3gico\npeninsular. <\/p>\n\n\n\n<p>Todos os interessados em organizar uma sess\u00e3o ficam portanto convidados a enviar uma proposta <strong>at\u00e9 15 de Maio<\/strong> para o e-mail <a href=\"mailto:tagiberico@gmail.com\">tagiberico@gmail.com<\/a> contendo os seguintes elementos:<\/p>\n\n\n\n<ul class=\"wp-block-list\"><li>Nome, filia\u00e7\u00e3o institucional e e-mail dos organizadores;<\/li><li>T\u00edtulo e apresenta\u00e7\u00e3o da sess\u00e3o (m\u00e1x. 300 palavras), incluindo sempre que poss\u00edvel uma apresenta\u00e7\u00e3o da tem\u00e1tica abordada, da sua relev\u00e2ncia para o pensamento arqueol\u00f3gico contempor\u00e2neo e uma breve exposi\u00e7\u00e3o dos objectivos da sess\u00e3o;<\/li><li>Indica\u00e7\u00e3o do tipo de sess\u00e3o (sess\u00e3o col\u00f3quio, mesa-redonda ou sess\u00e3o pr\u00e9-circulada);<\/li><li>As propostas podem ainda incluir a indica\u00e7\u00e3o de participantes que tenham sido convidados ou que tenham manifestado inten\u00e7\u00e3o de integrar a sess\u00e3o (dado opcional).<\/li><\/ul>\n\n\n\n<p>As propostas dever\u00e3o ser apresentadas numa das l\u00ednguas\noficiais do TAG Ib\u00e9rico (Portugu\u00eas e Espanhol).<\/p>\n\n\n\n<p>Todas as propostas ser\u00e3o objecto de aprecia\u00e7\u00e3o por parte da Comiss\u00e3o Organizadora e da Comiss\u00e3o Cient\u00edfica, e os resultados ser\u00e3o comunicados aos organizadores das sess\u00f5es at\u00e9 15 de Junho.<\/p>\n\n\n\n<hr class=\"wp-block-separator\"\/>\n\n\n\n<p>La segunda edici\u00f3n del TAG Ib\u00e9rico tendr\u00e1 lugar <strong>en Lisboa entre el 13 y el 15 de febrero de 2020<\/strong>, y pretende servir como un punto de encuentro y un foro para la discusi\u00f3n franca y abierta de todos los aspectos del pensamiento y de la agenda arqueol\u00f3gica a partir de una perspectiva centrada en la experiencia ib\u00e9rica.<\/p>\n\n\n\n<p>Para alcanzar este objetivo, la reuni\u00f3n se organizar\u00e1\nalrededor de sesiones tem\u00e1ticas que pueden corresponder a una de tres\ntipolog\u00edas distintas:<\/p>\n\n\n\n<ul class=\"wp-block-list\"><li><em>Sesiones-coloquio:<\/em> sesiones tradicionales en la que cada participante dispondr\u00e1 de 10 a 20 minutos para presentar una intervenci\u00f3n\/comunicaci\u00f3n relacionada con el tema de la sesi\u00f3n;<\/li><li><em>Mesas-redondas: <\/em>sesiones de debate abierto en torno al tema propuesto por los organizadores, que servir\u00e1n tambi\u00e9n como animadores y moderadores;<\/li><li><em>Sesiones pr\u00e9-circuladas: <\/em>sesiones de debate en torno a un documento tem\u00e1tica previamente enviado a los participantes por los organizadores.<\/li><\/ul>\n\n\n\n<p>Apelamos a la participaci\u00f3n de todas y todos para garantizar\nla pluralidad de perspectivas durante estas jornadas, en las cuales nos\ngustar\u00eda ver reflejada la diversidad y el car\u00e1cter vibrante del pensamiento\narqueol\u00f3gico peninsular.<\/p>\n\n\n\n<p>Invitamos por ello a todos los interesados en organizar una sesi\u00f3n a enviar una propuesta <strong>hasta el 15 de mayo<\/strong> al correo electr\u00f3nico <a href=\"mailto:tagiberico@gmail.com\">tagiberico@gmail.com<\/a> que debe incluir los siguientes elementos:<\/p>\n\n\n\n<ul class=\"wp-block-list\"><li>Nombre, filiaci\u00f3n institucional y correo electr\u00f3nico de los organizadores;<\/li><li>T\u00edtulo y presentaci\u00f3n de la sesi\u00f3n (m\u00e1x. 300 palabras), incluyendo siempre que sea posible una presentaci\u00f3n de la tem\u00e1tica abordada, de su relevancia para el pensamiento arqueol\u00f3gico contempor\u00e1neo y una breve exposici\u00f3n de los objetivos de la sesi\u00f3n; <\/li><li>Indicaci\u00f3n del tipo de sesi\u00f3n (sesi\u00f3n coloquio, mesa-redonda o sesi\u00f3n pr\u00e9-circuladas);<\/li><li>Las propuestas pueden tambi\u00e9n incluir la indicaci\u00f3n de participantes que hayan sido invitados o que hayan manifestado la intenci\u00f3n de integrar la sesi\u00f3n (dato opcional).<\/li><\/ul>\n\n\n\n<p>Las propuestas se deber\u00e1n presentar en uno de los idiomas\noficiales del TAG Ib\u00e9rico (Portugu\u00e9s y Espa\u00f1ol).<\/p>\n\n\n\n<p>Todas las propuestas ser\u00e1n valoradas por la Comisi\u00f3n\nOrganizadora y por la Comisi\u00f3n Cient\u00edfica, y los organizadores de las sesiones\nser\u00e1n informados de los resultados hasta el 15 de junio.<\/p>\n","protected":false},"excerpt":{"rendered":"<p>A segunda edi\u00e7\u00e3o do TAG Ib\u00e9rico ter\u00e1 lugar em Lisboa entre 13 e 15 de Fevereiro de 2020, pretendendo servir&hellip;<\/p>\n","protected":false},"author":2,"featured_media":0,"parent":0,"menu_order":0,"comment_status":"closed","ping_status":"closed","template":"","meta":{"footnotes":""},"class_list":["post-142","page","type-page","status-publish","hentry"],"_links":{"self":[{"href":"https:\/\/tagiberico.org\/index.php?rest_route=\/wp\/v2\/pages\/142","targetHints":{"allow":["GET"]}}],"collection":[{"href":"https:\/\/tagiberico.org\/index.php?rest_route=\/wp\/v2\/pages"}],"about":[{"href":"https:\/\/tagiberico.org\/index.php?rest_route=\/wp\/v2\/types\/page"}],"author":[{"embeddable":true,"href":"https:\/\/tagiberico.org\/index.php?rest_route=\/wp\/v2\/users\/2"}],"replies":[{"embeddable":true,"href":"https:\/\/tagiberico.org\/index.php?rest_route=%2Fwp%2Fv2%2Fcomments&post=142"}],"version-history":[{"count":3,"href":"https:\/\/tagiberico.org\/index.php?rest_route=\/wp\/v2\/pages\/142\/revisions"}],"predecessor-version":[{"id":152,"href":"https:\/\/tagiberico.org\/index.php?rest_route=\/wp\/v2\/pages\/142\/revisions\/152"}],"wp:attachment":[{"href":"https:\/\/tagiberico.org\/index.php?rest_route=%2Fwp%2Fv2%2Fmedia&parent=142"}],"curies":[{"name":"wp","href":"https:\/\/api.w.org\/{rel}","templated":true}]}}